{"id":2210,"date":"2015-12-12T13:35:38","date_gmt":"2015-12-12T12:35:38","guid":{"rendered":"http:\/\/medicalex.info\/?page_id=2210"},"modified":"2026-02-16T11:16:10","modified_gmt":"2026-02-16T10:16:10","slug":"inicio","status":"publish","type":"page","link":"https:\/\/medicalex.info\/pt-pt","title":{"rendered":"In\u00edcio"},"content":{"rendered":"<p><a href=\"https:\/\/medicalex.info\/inscription-au-webinaire-perfecto\"><img decoding=\"async\" style=\"width: 100%;\" src=\"https:\/\/medicalex.info\/wp-content\/uploads\/\/Webinaire-Clou-Safe-1024x1024.png\" alt=\"\" \/><\/a><\/p>\n<p style=\"text-align: center;\"><a href=\"https:\/\/medicalex.info\/inscription-au-webinaire-perfecto\">Register for the Perfecto webinar<\/a><\/p>\n<header class=\"page-header\">\n<h1 class=\"page-header-title\">APRESENTA\u00c7\u00c3O E EMPRESAS MEDICALEX FRANCEMED<\/h1>\n<\/header>\n<p>Nossa empresa, criada em 1967, empresas francesas s\u00e3o fam\u00edlia orientada. Eles foram criados por<br \/>\nSr. Aldo Levy e Sra C\u00e9cile Levy.<\/p>\n<p>Somos especializados no projeto, fabrica\u00e7\u00e3o e comercializa\u00e7\u00e3o de implantes ortop\u00e9dicos, bem como diversos equipamentos cir\u00fargicos. Para melhor atender \u00e0s necessidades dos nossos clientes, estudamos qualquer solicita\u00e7\u00e3o relativa a produtos espec\u00edficos.<\/p>\n<p>Nosso desenvolvimento e pesquisa de laborat\u00f3rio, criado em 1987, como nossa unidade de fabrica\u00e7\u00e3o permite-nos fabricar dispositivos feitos sob encomenda e novos produtos. Esta estrutura permite-nos colaborar com os servi\u00e7os de cirurgia ortop\u00e9dica dos hospitais e cl\u00ednicas privadas.<\/p>\n<h2 class=\"titre-fl\" style=\"margin-bottom: 16px;\">Informa\u00e7\u00e3o<\/h2>\n<p>Atualmente, temos problemas com nossas linhas telef\u00f4nicas.<br \/>\nVoc\u00ea pode nos contatar pelos seguintes n\u00fameros:<br \/>\n+ 33 6 63 64 36 83<br \/>\n+ 33 6 63 02 88 80<\/p>\n<p>Por outro lado, n\u00e3o podemos mais receber faxes.<\/p>\n<p>Voc\u00ea pode enviar seus pedidos para: <a href=\"mailto:magasin@medicalex.info\">magasin@medicalex.info<\/a><\/p>\n<p>Agradecemos a sua compreens\u00e3o<\/p>\n<p>Seus cat\u00e1logos podem ser vers\u00f5es desatualizadas.<br \/>\nFa\u00e7a o download das vers\u00f5es mais recentes.<\/p>\n<h2 class=\"titre-fl\">News<\/h2>\n<div style=\"margin-top: 10px;\">Pr\u00f3ximo congresso:<\/div>\n<ul class=\"ul-news\" style=\"margin-top: 10px;\">\n<li>\n<h3>SOFCOT \u2013 PALAIS DES CONGRES &#8211; PARIS<\/h3>\n<p><strong>Stand N06<\/strong><br \/>\n<a href=\"http:\/\/www.sofcot.fr\/\" target=\"_blank\" rel=\"noopener\">http:\/\/www.sofcot.fr\/<\/a><\/li>\n<li>A Medicalex est\u00e1 agora presente nas redes sociais. Visite-nos no <a href=\"https:\/\/www.linkedin.com\/company\/medicalex-francemed\/\">Linkedin<\/a> e no Instagram!\n<div style=\"margin-top: 10px;\">\n<a href=\"https:\/\/www.linkedin.com\/company\/medicalex-francemed\/\"><img loading=\"lazy\" decoding=\"async\" src=\"https:\/\/medicalex.info\/wp-content\/uploads\/LI-Logo.png\" alt=\"\" width=\"100\" height=\"135\" class=\"wp-image-7598\" \/><\/a>\n<\/div>\n<\/li>\n<\/ul>\n","protected":false},"excerpt":{"rendered":"<p>Register for the Perfecto webinar APRESENTA\u00c7\u00c3O E EMPRESAS MEDICALEX FRANCEMED Nossa empresa, criada em 1967, empresas francesas s\u00e3o fam\u00edlia orientada. Eles foram criados por Sr. Aldo Levy e Sra C\u00e9cile Levy. Somos especializados no projeto, fabrica\u00e7\u00e3o e comercializa\u00e7\u00e3o de implantes ortop\u00e9dicos, bem como diversos equipamentos cir\u00fargicos. Para melhor atender \u00e0s necessidades dos nossos clientes, estudamos [&hellip;]<\/p>\n","protected":false},"author":1,"featured_media":0,"parent":0,"menu_order":0,"comment_status":"closed","ping_status":"closed","template":"templates\/template-home.php","meta":{"footnotes":""},"class_list":["post-2210","page","type-page","status-publish","hentry"],"yoast_head":"<!-- This site is optimized with the Yoast SEO plugin v26.1.1 - https:\/\/yoast.com\/wordpress\/plugins\/seo\/ -->\n<title>In\u00edcio - Medicalex<\/title>\n<meta name=\"robots\" content=\"index, follow, max-snippet:-1, max-image-preview:large, max-video-preview:-1\" \/>\n<link rel=\"canonical\" href=\"https:\/\/medicalex.info\/pt-pt\" \/>\n<meta property=\"og:locale\" content=\"pt_PT\" \/>\n<meta property=\"og:type\" content=\"article\" \/>\n<meta property=\"og:title\" content=\"In\u00edcio - Medicalex\" \/>\n<meta property=\"og:description\" content=\"Register for the Perfecto webinar APRESENTA\u00c7\u00c3O E EMPRESAS MEDICALEX FRANCEMED Nossa empresa, criada em 1967, empresas francesas s\u00e3o fam\u00edlia orientada. Eles foram criados por Sr. Aldo Levy e Sra C\u00e9cile Levy. Somos especializados no projeto, fabrica\u00e7\u00e3o e comercializa\u00e7\u00e3o de implantes ortop\u00e9dicos, bem como diversos equipamentos cir\u00fargicos. Para melhor atender \u00e0s necessidades dos nossos clientes, estudamos [&hellip;]\" \/>\n<meta property=\"og:url\" content=\"https:\/\/medicalex.info\/pt-pt\" \/>\n<meta property=\"og:site_name\" content=\"Medicalex\" \/>\n<meta property=\"article:modified_time\" content=\"2026-02-16T10:16:10+00:00\" \/>\n<meta property=\"og:image\" content=\"https:\/\/medicalex.info\/wp-content\/uploads\/\/Webinaire-Clou-Safe-1024x1024.png\" \/>\n<meta name=\"twitter:label1\" content=\"Tempo estimado de leitura\" \/>\n\t<meta name=\"twitter:data1\" content=\"2 minutos\" \/>\n<script type=\"application\/ld+json\" class=\"yoast-schema-graph\">{\"@context\":\"https:\/\/schema.org\",\"@graph\":[{\"@type\":\"WebPage\",\"@id\":\"https:\/\/medicalex.info\/pt-pt\",\"url\":\"https:\/\/medicalex.info\/pt-pt\",\"name\":\"In\u00edcio - Medicalex\",\"isPartOf\":{\"@id\":\"https:\/\/medicalex.info\/en\/#website\"},\"primaryImageOfPage\":{\"@id\":\"https:\/\/medicalex.info\/pt-pt#primaryimage\"},\"image\":{\"@id\":\"https:\/\/medicalex.info\/pt-pt#primaryimage\"},\"thumbnailUrl\":\"https:\/\/medicalex.info\/wp-content\/uploads\/\/Webinaire-Clou-Safe-1024x1024.png\",\"datePublished\":\"2015-12-12T12:35:38+00:00\",\"dateModified\":\"2026-02-16T10:16:10+00:00\",\"breadcrumb\":{\"@id\":\"https:\/\/medicalex.info\/pt-pt#breadcrumb\"},\"inLanguage\":\"pt-PT\",\"potentialAction\":[{\"@type\":\"ReadAction\",\"target\":[\"https:\/\/medicalex.info\/pt-pt\"]}]},{\"@type\":\"ImageObject\",\"inLanguage\":\"pt-PT\",\"@id\":\"https:\/\/medicalex.info\/pt-pt#primaryimage\",\"url\":\"https:\/\/medicalex.info\/wp-content\/uploads\/\/Webinaire-Clou-Safe-1024x1024.png\",\"contentUrl\":\"https:\/\/medicalex.info\/wp-content\/uploads\/\/Webinaire-Clou-Safe-1024x1024.png\"},{\"@type\":\"BreadcrumbList\",\"@id\":\"https:\/\/medicalex.info\/pt-pt#breadcrumb\",\"itemListElement\":[{\"@type\":\"ListItem\",\"position\":1,\"name\":\"Accueil\",\"item\":\"https:\/\/medicalex.info\/pt-pt\"},{\"@type\":\"ListItem\",\"position\":2,\"name\":\"In\u00edcio\"}]},{\"@type\":\"WebSite\",\"@id\":\"https:\/\/medicalex.info\/en\/#website\",\"url\":\"https:\/\/medicalex.info\/en\/\",\"name\":\"Medicalex\",\"description\":\"Un site utilisant WordPress\",\"publisher\":{\"@id\":\"https:\/\/medicalex.info\/en\/#organization\"},\"potentialAction\":[{\"@type\":\"SearchAction\",\"target\":{\"@type\":\"EntryPoint\",\"urlTemplate\":\"https:\/\/medicalex.info\/en\/?s={search_term_string}\"},\"query-input\":{\"@type\":\"PropertyValueSpecification\",\"valueRequired\":true,\"valueName\":\"search_term_string\"}}],\"inLanguage\":\"pt-PT\"},{\"@type\":\"Organization\",\"@id\":\"https:\/\/medicalex.info\/en\/#organization\",\"name\":\"medicalex\",\"url\":\"https:\/\/medicalex.info\/en\/\",\"logo\":{\"@type\":\"ImageObject\",\"inLanguage\":\"pt-PT\",\"@id\":\"https:\/\/medicalex.info\/en\/#\/schema\/logo\/image\/\",\"url\":\"https:\/\/medicalex.info\/wp-content\/uploads\/logo-medicalex.jpg\",\"contentUrl\":\"https:\/\/medicalex.info\/wp-content\/uploads\/logo-medicalex.jpg\",\"width\":1102,\"height\":724,\"caption\":\"medicalex\"},\"image\":{\"@id\":\"https:\/\/medicalex.info\/en\/#\/schema\/logo\/image\/\"},\"sameAs\":[\"https:\/\/www.instagram.com\/medicalex_francemed\/?hl=fr\",\"https:\/\/www.linkedin.com\/company\/francemed\",\"https:\/\/www.youtube.com\/channel\/UCH6YKFJAq9dng7uataz8y-Q\"]}]}<\/script>\n<!-- \/ Yoast SEO plugin. -->","yoast_head_json":{"title":"In\u00edcio - Medicalex","robots":{"index":"index","follow":"follow","max-snippet":"max-snippet:-1","max-image-preview":"max-image-preview:large","max-video-preview":"max-video-preview:-1"},"canonical":"https:\/\/medicalex.info\/pt-pt","og_locale":"pt_PT","og_type":"article","og_title":"In\u00edcio - Medicalex","og_description":"Register for the Perfecto webinar APRESENTA\u00c7\u00c3O E EMPRESAS MEDICALEX FRANCEMED Nossa empresa, criada em 1967, empresas francesas s\u00e3o fam\u00edlia orientada. Eles foram criados por Sr. Aldo Levy e Sra C\u00e9cile Levy. Somos especializados no projeto, fabrica\u00e7\u00e3o e comercializa\u00e7\u00e3o de implantes ortop\u00e9dicos, bem como diversos equipamentos cir\u00fargicos. Para melhor atender \u00e0s necessidades dos nossos clientes, estudamos [&hellip;]","og_url":"https:\/\/medicalex.info\/pt-pt","og_site_name":"Medicalex","article_modified_time":"2026-02-16T10:16:10+00:00","og_image":[{"url":"https:\/\/medicalex.info\/wp-content\/uploads\/\/Webinaire-Clou-Safe-1024x1024.png","type":"","width":"","height":""}],"twitter_misc":{"Tempo estimado de leitura":"2 minutos"},"schema":{"@context":"https:\/\/schema.org","@graph":[{"@type":"WebPage","@id":"https:\/\/medicalex.info\/pt-pt","url":"https:\/\/medicalex.info\/pt-pt","name":"In\u00edcio - Medicalex","isPartOf":{"@id":"https:\/\/medicalex.info\/en\/#website"},"primaryImageOfPage":{"@id":"https:\/\/medicalex.info\/pt-pt#primaryimage"},"image":{"@id":"https:\/\/medicalex.info\/pt-pt#primaryimage"},"thumbnailUrl":"https:\/\/medicalex.info\/wp-content\/uploads\/\/Webinaire-Clou-Safe-1024x1024.png","datePublished":"2015-12-12T12:35:38+00:00","dateModified":"2026-02-16T10:16:10+00:00","breadcrumb":{"@id":"https:\/\/medicalex.info\/pt-pt#breadcrumb"},"inLanguage":"pt-PT","potentialAction":[{"@type":"ReadAction","target":["https:\/\/medicalex.info\/pt-pt"]}]},{"@type":"ImageObject","inLanguage":"pt-PT","@id":"https:\/\/medicalex.info\/pt-pt#primaryimage","url":"https:\/\/medicalex.info\/wp-content\/uploads\/\/Webinaire-Clou-Safe-1024x1024.png","contentUrl":"https:\/\/medicalex.info\/wp-content\/uploads\/\/Webinaire-Clou-Safe-1024x1024.png"},{"@type":"BreadcrumbList","@id":"https:\/\/medicalex.info\/pt-pt#breadcrumb","itemListElement":[{"@type":"ListItem","position":1,"name":"Accueil","item":"https:\/\/medicalex.info\/pt-pt"},{"@type":"ListItem","position":2,"name":"In\u00edcio"}]},{"@type":"WebSite","@id":"https:\/\/medicalex.info\/en\/#website","url":"https:\/\/medicalex.info\/en\/","name":"Medicalex","description":"Un site utilisant WordPress","publisher":{"@id":"https:\/\/medicalex.info\/en\/#organization"},"potentialAction":[{"@type":"SearchAction","target":{"@type":"EntryPoint","urlTemplate":"https:\/\/medicalex.info\/en\/?s={search_term_string}"},"query-input":{"@type":"PropertyValueSpecification","valueRequired":true,"valueName":"search_term_string"}}],"inLanguage":"pt-PT"},{"@type":"Organization","@id":"https:\/\/medicalex.info\/en\/#organization","name":"medicalex","url":"https:\/\/medicalex.info\/en\/","logo":{"@type":"ImageObject","inLanguage":"pt-PT","@id":"https:\/\/medicalex.info\/en\/#\/schema\/logo\/image\/","url":"https:\/\/medicalex.info\/wp-content\/uploads\/logo-medicalex.jpg","contentUrl":"https:\/\/medicalex.info\/wp-content\/uploads\/logo-medicalex.jpg","width":1102,"height":724,"caption":"medicalex"},"image":{"@id":"https:\/\/medicalex.info\/en\/#\/schema\/logo\/image\/"},"sameAs":["https:\/\/www.instagram.com\/medicalex_francemed\/?hl=fr","https:\/\/www.linkedin.com\/company\/francemed","https:\/\/www.youtube.com\/channel\/UCH6YKFJAq9dng7uataz8y-Q"]}]}},"_links":{"self":[{"href":"https:\/\/medicalex.info\/pt-pt\/wp-json\/wp\/v2\/pages\/2210","targetHints":{"allow":["GET"]}}],"collection":[{"href":"https:\/\/medicalex.info\/pt-pt\/wp-json\/wp\/v2\/pages"}],"about":[{"href":"https:\/\/medicalex.info\/pt-pt\/wp-json\/wp\/v2\/types\/page"}],"author":[{"embeddable":true,"href":"https:\/\/medicalex.info\/pt-pt\/wp-json\/wp\/v2\/users\/1"}],"replies":[{"embeddable":true,"href":"https:\/\/medicalex.info\/pt-pt\/wp-json\/wp\/v2\/comments?post=2210"}],"version-history":[{"count":38,"href":"https:\/\/medicalex.info\/pt-pt\/wp-json\/wp\/v2\/pages\/2210\/revisions"}],"predecessor-version":[{"id":7831,"href":"https:\/\/medicalex.info\/pt-pt\/wp-json\/wp\/v2\/pages\/2210\/revisions\/7831"}],"wp:attachment":[{"href":"https:\/\/medicalex.info\/pt-pt\/wp-json\/wp\/v2\/media?parent=2210"}],"curies":[{"name":"wp","href":"https:\/\/api.w.org\/{rel}","templated":true}]}}