{"id":2095,"date":"2015-12-11T21:25:21","date_gmt":"2015-12-11T20:25:21","guid":{"rendered":"http:\/\/medicalex.info\/?page_id=2095"},"modified":"2023-07-17T11:10:47","modified_gmt":"2023-07-17T10:10:47","slug":"compromisso-da-direcao","status":"publish","type":"page","link":"https:\/\/medicalex.info\/pt-pt\/compromisso-da-direcao","title":{"rendered":"Compromisso da dire\u00e7\u00e3o"},"content":{"rendered":"<p>A competi\u00e7\u00e3o industrial com que somos confrontados nos obriga a evoluir constantemente. Para ser competitivo \u00e9 uma exig\u00eancia e para satisfazer todas as necessidades dos nossos clientes \u00e9 uma necessidade.<\/p>\n<p>O futuro da nossa empresa depende de quatro fatores fundamentais, que s\u00e3o os pre\u00e7os, os prazos, as inova\u00e7\u00f5es e da qualidade. A qualidade \u00e9 o fator essencial que nos permitir\u00e1 afirmar duradouramente a nossa reputa\u00e7\u00e3o aos nossos clientes e conquistar novos mercados.<\/p>\n<p>Al\u00e9m disso, os fabricantes europeus de dispositivos m\u00e9dicos s\u00e3o submetidos a v\u00e1rios regulamentos que devem ser respeitados a ser autorizado pelas autoridades competentes para fabricar e comercializar os seus produtos.<\/p>\n<p>\u00c9 por estas raz\u00f5es diversas que temos decidida a cria\u00e7\u00e3o de um programa de gest\u00e3o da qualidade para satisfazer as necessidades dos clientes de acordo com os regulamentos da ISO 9001: 2000 e ISO 13485:2016 para a Uni\u00e3o Europeia e CFR 820 para os dispositivos m\u00e9dicos relativos Estados Unidos.<\/p>\n<p>Todo mundo ver todos os esfor\u00e7os necess\u00e1rios que a instala\u00e7\u00e3o de tal sistema requer para a nossa empresa e isso s\u00f3 \u00e9 poss\u00edvel atrav\u00e9s de uma gest\u00e3o da qualidade coletiva. Um compromisso global \u00e9 uma condi\u00e7\u00e3o essencial para o nosso sucesso. Eu carrego o nosso pessoal para a necessidade de satisfazer as exig\u00eancias dos nossos clientes e dos regulamentos.<\/p>\n<p>O Manual da Qualidade formaliza o sistema de qualidade da nossa empresa, bem como as disposi\u00e7\u00f5es tomadas para garantir que nossos clientes qualidade dos nossos produtos e servi\u00e7os. \u00c9 um documento que deve ser continuamente melhorada para ser eficiente e \u00e9 uma responsabilidade geral para participar neste.<\/p>\n<p>Dentro do chefe da empresa, Nicole Levy, Gerente de Qualidade, tem o papel essencial para definir e manter o Sistema de Qualidade, atrav\u00e9s da elabora\u00e7\u00e3o de metas de qualidade definidas. Ela tamb\u00e9m garante uma boa compreens\u00e3o global e aplica\u00e7\u00e3o de todas as provid\u00eancias tomadas. Todas as a\u00e7\u00f5es tomadas pelo gestor de qualidade s\u00e3o assegurados por nosso apoio.<\/p>\n<p>Nosso futuro efici\u00eancia depende do esfor\u00e7o que todos n\u00f3s vai fazer para se preparar, o respeito e, especialmente, para melhorar o sistema de qualidade da nossa empresa. Para garantir que essa pol\u00edtica em entendida por todos, efetivamente implementada e mantida em todos os n\u00edveis da nossa empresa, procedendo regularmente a avalia\u00e7\u00f5es de gest\u00e3o e auditorias internas.<\/p>\n<p>Comprometemo-nos a n\u00f3s mesmos para colocar os meios necess\u00e1rios para as instala\u00e7\u00f5es das disposi\u00e7\u00f5es retidos pelo gestor de qualidade.<\/p>\n<ul class=\"sign1 sign2\">\n<li><strong>Gest\u00e3o Administrativa e Comercial <\/strong><\/li>\n<li>Fabienne Levy<\/li>\n<\/ul>\n<ul class=\"sign1\">\n<li><strong>Gest\u00e3o T\u00e9cnica <\/strong><\/li>\n<li>Fabienne Levy Nicole Levy<\/li>\n<\/ul>\n","protected":false},"excerpt":{"rendered":"<p>A competi\u00e7\u00e3o industrial com que somos confrontados nos obriga a evoluir constantemente. Para ser competitivo \u00e9 uma exig\u00eancia e para satisfazer todas as necessidades dos nossos clientes \u00e9 uma necessidade. O futuro da nossa empresa depende de quatro fatores fundamentais, que s\u00e3o os pre\u00e7os, os prazos, as inova\u00e7\u00f5es e da qualidade. A qualidade \u00e9 o [&hellip;]<\/p>\n","protected":false},"author":1,"featured_media":0,"parent":0,"menu_order":0,"comment_status":"closed","ping_status":"open","template":"templates\/template-fullwidth.php","meta":{"footnotes":""},"class_list":["post-2095","page","type-page","status-publish","hentry"],"yoast_head":"<!-- This site is optimized with the Yoast SEO plugin v26.1.1 - https:\/\/yoast.com\/wordpress\/plugins\/seo\/ -->\n<title>Compromisso da dire\u00e7\u00e3o - Medicalex<\/title>\n<meta name=\"robots\" content=\"index, follow, max-snippet:-1, max-image-preview:large, max-video-preview:-1\" \/>\n<link rel=\"canonical\" href=\"https:\/\/medicalex.info\/pt-pt\/compromisso-da-direcao\" \/>\n<meta property=\"og:locale\" content=\"pt_PT\" \/>\n<meta property=\"og:type\" content=\"article\" \/>\n<meta property=\"og:title\" content=\"Compromisso da dire\u00e7\u00e3o - Medicalex\" \/>\n<meta property=\"og:description\" content=\"A competi\u00e7\u00e3o industrial com que somos confrontados nos obriga a evoluir constantemente. Para ser competitivo \u00e9 uma exig\u00eancia e para satisfazer todas as necessidades dos nossos clientes \u00e9 uma necessidade. O futuro da nossa empresa depende de quatro fatores fundamentais, que s\u00e3o os pre\u00e7os, os prazos, as inova\u00e7\u00f5es e da qualidade. A qualidade \u00e9 o [&hellip;]\" \/>\n<meta property=\"og:url\" content=\"https:\/\/medicalex.info\/pt-pt\/compromisso-da-direcao\" \/>\n<meta property=\"og:site_name\" content=\"Medicalex\" \/>\n<meta property=\"article:modified_time\" content=\"2023-07-17T10:10:47+00:00\" \/>\n<meta name=\"twitter:label1\" content=\"Tempo estimado de leitura\" \/>\n\t<meta name=\"twitter:data1\" content=\"2 minutos\" \/>\n<script type=\"application\/ld+json\" class=\"yoast-schema-graph\">{\"@context\":\"https:\/\/schema.org\",\"@graph\":[{\"@type\":\"WebPage\",\"@id\":\"https:\/\/medicalex.info\/pt-pt\/compromisso-da-direcao\",\"url\":\"https:\/\/medicalex.info\/pt-pt\/compromisso-da-direcao\",\"name\":\"Compromisso da dire\u00e7\u00e3o - Medicalex\",\"isPartOf\":{\"@id\":\"https:\/\/medicalex.info\/en\/#website\"},\"datePublished\":\"2015-12-11T20:25:21+00:00\",\"dateModified\":\"2023-07-17T10:10:47+00:00\",\"breadcrumb\":{\"@id\":\"https:\/\/medicalex.info\/pt-pt\/compromisso-da-direcao#breadcrumb\"},\"inLanguage\":\"pt-PT\",\"potentialAction\":[{\"@type\":\"ReadAction\",\"target\":[\"https:\/\/medicalex.info\/pt-pt\/compromisso-da-direcao\"]}]},{\"@type\":\"BreadcrumbList\",\"@id\":\"https:\/\/medicalex.info\/pt-pt\/compromisso-da-direcao#breadcrumb\",\"itemListElement\":[{\"@type\":\"ListItem\",\"position\":1,\"name\":\"Accueil\",\"item\":\"https:\/\/medicalex.info\/pt-pt\"},{\"@type\":\"ListItem\",\"position\":2,\"name\":\"Compromisso da dire\u00e7\u00e3o\"}]},{\"@type\":\"WebSite\",\"@id\":\"https:\/\/medicalex.info\/en\/#website\",\"url\":\"https:\/\/medicalex.info\/en\/\",\"name\":\"Medicalex\",\"description\":\"Un site utilisant WordPress\",\"publisher\":{\"@id\":\"https:\/\/medicalex.info\/en\/#organization\"},\"potentialAction\":[{\"@type\":\"SearchAction\",\"target\":{\"@type\":\"EntryPoint\",\"urlTemplate\":\"https:\/\/medicalex.info\/en\/?s={search_term_string}\"},\"query-input\":{\"@type\":\"PropertyValueSpecification\",\"valueRequired\":true,\"valueName\":\"search_term_string\"}}],\"inLanguage\":\"pt-PT\"},{\"@type\":\"Organization\",\"@id\":\"https:\/\/medicalex.info\/en\/#organization\",\"name\":\"medicalex\",\"url\":\"https:\/\/medicalex.info\/en\/\",\"logo\":{\"@type\":\"ImageObject\",\"inLanguage\":\"pt-PT\",\"@id\":\"https:\/\/medicalex.info\/en\/#\/schema\/logo\/image\/\",\"url\":\"https:\/\/medicalex.info\/wp-content\/uploads\/logo-medicalex.jpg\",\"contentUrl\":\"https:\/\/medicalex.info\/wp-content\/uploads\/logo-medicalex.jpg\",\"width\":1102,\"height\":724,\"caption\":\"medicalex\"},\"image\":{\"@id\":\"https:\/\/medicalex.info\/en\/#\/schema\/logo\/image\/\"},\"sameAs\":[\"https:\/\/www.instagram.com\/medicalex_francemed\/?hl=fr\",\"https:\/\/www.linkedin.com\/company\/francemed\",\"https:\/\/www.youtube.com\/channel\/UCH6YKFJAq9dng7uataz8y-Q\"]}]}<\/script>\n<!-- \/ Yoast SEO plugin. -->","yoast_head_json":{"title":"Compromisso da dire\u00e7\u00e3o - Medicalex","robots":{"index":"index","follow":"follow","max-snippet":"max-snippet:-1","max-image-preview":"max-image-preview:large","max-video-preview":"max-video-preview:-1"},"canonical":"https:\/\/medicalex.info\/pt-pt\/compromisso-da-direcao","og_locale":"pt_PT","og_type":"article","og_title":"Compromisso da dire\u00e7\u00e3o - Medicalex","og_description":"A competi\u00e7\u00e3o industrial com que somos confrontados nos obriga a evoluir constantemente. Para ser competitivo \u00e9 uma exig\u00eancia e para satisfazer todas as necessidades dos nossos clientes \u00e9 uma necessidade. O futuro da nossa empresa depende de quatro fatores fundamentais, que s\u00e3o os pre\u00e7os, os prazos, as inova\u00e7\u00f5es e da qualidade. A qualidade \u00e9 o [&hellip;]","og_url":"https:\/\/medicalex.info\/pt-pt\/compromisso-da-direcao","og_site_name":"Medicalex","article_modified_time":"2023-07-17T10:10:47+00:00","twitter_misc":{"Tempo estimado de leitura":"2 minutos"},"schema":{"@context":"https:\/\/schema.org","@graph":[{"@type":"WebPage","@id":"https:\/\/medicalex.info\/pt-pt\/compromisso-da-direcao","url":"https:\/\/medicalex.info\/pt-pt\/compromisso-da-direcao","name":"Compromisso da dire\u00e7\u00e3o - Medicalex","isPartOf":{"@id":"https:\/\/medicalex.info\/en\/#website"},"datePublished":"2015-12-11T20:25:21+00:00","dateModified":"2023-07-17T10:10:47+00:00","breadcrumb":{"@id":"https:\/\/medicalex.info\/pt-pt\/compromisso-da-direcao#breadcrumb"},"inLanguage":"pt-PT","potentialAction":[{"@type":"ReadAction","target":["https:\/\/medicalex.info\/pt-pt\/compromisso-da-direcao"]}]},{"@type":"BreadcrumbList","@id":"https:\/\/medicalex.info\/pt-pt\/compromisso-da-direcao#breadcrumb","itemListElement":[{"@type":"ListItem","position":1,"name":"Accueil","item":"https:\/\/medicalex.info\/pt-pt"},{"@type":"ListItem","position":2,"name":"Compromisso da dire\u00e7\u00e3o"}]},{"@type":"WebSite","@id":"https:\/\/medicalex.info\/en\/#website","url":"https:\/\/medicalex.info\/en\/","name":"Medicalex","description":"Un site utilisant WordPress","publisher":{"@id":"https:\/\/medicalex.info\/en\/#organization"},"potentialAction":[{"@type":"SearchAction","target":{"@type":"EntryPoint","urlTemplate":"https:\/\/medicalex.info\/en\/?s={search_term_string}"},"query-input":{"@type":"PropertyValueSpecification","valueRequired":true,"valueName":"search_term_string"}}],"inLanguage":"pt-PT"},{"@type":"Organization","@id":"https:\/\/medicalex.info\/en\/#organization","name":"medicalex","url":"https:\/\/medicalex.info\/en\/","logo":{"@type":"ImageObject","inLanguage":"pt-PT","@id":"https:\/\/medicalex.info\/en\/#\/schema\/logo\/image\/","url":"https:\/\/medicalex.info\/wp-content\/uploads\/logo-medicalex.jpg","contentUrl":"https:\/\/medicalex.info\/wp-content\/uploads\/logo-medicalex.jpg","width":1102,"height":724,"caption":"medicalex"},"image":{"@id":"https:\/\/medicalex.info\/en\/#\/schema\/logo\/image\/"},"sameAs":["https:\/\/www.instagram.com\/medicalex_francemed\/?hl=fr","https:\/\/www.linkedin.com\/company\/francemed","https:\/\/www.youtube.com\/channel\/UCH6YKFJAq9dng7uataz8y-Q"]}]}},"_links":{"self":[{"href":"https:\/\/medicalex.info\/pt-pt\/wp-json\/wp\/v2\/pages\/2095","targetHints":{"allow":["GET"]}}],"collection":[{"href":"https:\/\/medicalex.info\/pt-pt\/wp-json\/wp\/v2\/pages"}],"about":[{"href":"https:\/\/medicalex.info\/pt-pt\/wp-json\/wp\/v2\/types\/page"}],"author":[{"embeddable":true,"href":"https:\/\/medicalex.info\/pt-pt\/wp-json\/wp\/v2\/users\/1"}],"replies":[{"embeddable":true,"href":"https:\/\/medicalex.info\/pt-pt\/wp-json\/wp\/v2\/comments?post=2095"}],"version-history":[{"count":8,"href":"https:\/\/medicalex.info\/pt-pt\/wp-json\/wp\/v2\/pages\/2095\/revisions"}],"predecessor-version":[{"id":5645,"href":"https:\/\/medicalex.info\/pt-pt\/wp-json\/wp\/v2\/pages\/2095\/revisions\/5645"}],"wp:attachment":[{"href":"https:\/\/medicalex.info\/pt-pt\/wp-json\/wp\/v2\/media?parent=2095"}],"curies":[{"name":"wp","href":"https:\/\/api.w.org\/{rel}","templated":true}]}}