{"id":1735,"date":"2015-06-06T14:22:22","date_gmt":"2015-06-06T13:22:22","guid":{"rendered":"http:\/\/medicalex.info\/?page_id=1735"},"modified":"2023-07-17T11:10:40","modified_gmt":"2023-07-17T10:10:40","slug":"qualita","status":"publish","type":"page","link":"https:\/\/medicalex.info\/it\/qualita","title":{"rendered":"Impegno di gestione"},"content":{"rendered":"<p>La competizione industriale con la quale noi siamo confrontati ci costringe a continuamente evolvere. Essere competitivo \u00e8 un requisito e soddisfare tutte le necessit\u00e0 dei nostri costumisti \u00e8 una necessit\u00e0.<\/p>\n<p>Il futuro della nostra societ\u00e0 dipende dai quattro fattori fondamentali che sono i prezzi, i termine massimo, le innovazioni e la qualit\u00e0. La qualit\u00e0 \u00e8 il fattore essenziale che c&#8217;abiliter\u00e0 per affermare durevolmente la nostra reputazione ai nostri costumisti e conquistare mercati nuovi.<\/p>\n<p>Inoltre, i fabbricanti europei di apparecchiature mediche sono sottoposti a molte regolamentazioni che devono essere rispettate per essere autorizzate da autorit\u00e0 competenti a fabbricare ed introdurre sul mercato i loro prodotti.<\/p>\n<p>\u00c8 per queste varie ragioni che noi abbiamo deciso di preparare un programma di Gestione di Qualit\u00e0 per soddisfare i requisiti di cliente secondo regolamentazioni di ISO 9001:2000 ed ISO 13485:2016 per l&#8217;Unione europea e CFR 820 per apparecchiature mediche riguardo agli Stati Uniti.<\/p>\n<p>Ognuni vedono tutti gli sforzi necessari che l&#8217;installazione di tale sistema richiede per la nostra societ\u00e0 e questo \u00e8 solamente possibile attraverso una gestione di Qualit\u00e0 collettiva. Un appuntamento complessivo \u00e8 una condizione essenziale per il nostro successo. Noi portiamo il nostro personale alla necessit\u00e0 di soddisfare i requisiti dei nostri clienti e delle regolamentazioni.<\/p>\n<p>Il manuale di Qualit\u00e0 formalizza il sistema di Qualit\u00e0 della nostra societ\u00e0 cos\u00ec come le provviste prese per assicurare la nostra Qualit\u00e0 di clienti dei nostri prodotti e servizi. \u00c8 un documento che deve essere migliorato continuamente per essere efficiente e \u00e8 una responsabilit\u00e0 complessiva per prendere parte in questo.<\/p>\n<p>All&#8217;interno della Testa della societ\u00e0, Nicole Levy, Direttore di Qualit\u00e0 ha il ruolo essenziale per definire e mantenere il Sistema di Qualit\u00e0, disegnando sulle mete di qualit\u00e0 definita. Lei assicura anche una buona comprensione complessiva e domanda di tutte le sistemazioni prese. Tutte le azioni prese dal Direttore di Qualit\u00e0 sono assicurate dal nostro appoggio.<\/p>\n<p>La nostra efficienza futura dipende dallo sforzo che noi tutti faremo preparare, rispetto e specialmente migliorare il sistema di Qualit\u00e0 della nostra societ\u00e0. Assicurare che questa polizza in cap\u00ec da ognuno, perfezion\u00f2 efficacemente e mantenne su tutti i livelli della nostra societ\u00e0, noi eseguiamo revisioni di gestione e revisioni interne regolarmente.<\/p>\n<p>Noi c&#8217;intraprendiamo per mettere il necessario vuole dire per le installazioni delle disposizioni trattenute dal Direttore di Qualit\u00e0.<\/p>\n<ul class=\"sign1 sign2\">\n<li><strong>Gestione amministrativa e commerciale <\/strong><\/li>\n<li>Fabienne Levy<\/li>\n<\/ul>\n<ul class=\"sign1\">\n<li><strong>Gestione tecnica <\/strong><\/li>\n<li>Fabienne Levy Nicole Levy<\/li>\n<\/ul>\n","protected":false},"excerpt":{"rendered":"<p>La competizione industriale con la quale noi siamo confrontati ci costringe a continuamente evolvere. Essere competitivo \u00e8 un requisito e soddisfare tutte le necessit\u00e0 dei nostri costumisti \u00e8 una necessit\u00e0. Il futuro della nostra societ\u00e0 dipende dai quattro fattori fondamentali che sono i prezzi, i termine massimo, le innovazioni e la qualit\u00e0. La qualit\u00e0 \u00e8 [&hellip;]<\/p>\n","protected":false},"author":1,"featured_media":0,"parent":0,"menu_order":0,"comment_status":"closed","ping_status":"open","template":"templates\/template-fullwidth.php","meta":{"footnotes":""},"class_list":["post-1735","page","type-page","status-publish","hentry"],"yoast_head":"<!-- This site is optimized with the Yoast SEO plugin v26.1.1 - https:\/\/yoast.com\/wordpress\/plugins\/seo\/ -->\n<title>Impegno di gestione - Medicalex<\/title>\n<meta name=\"robots\" content=\"index, follow, max-snippet:-1, max-image-preview:large, max-video-preview:-1\" \/>\n<link rel=\"canonical\" href=\"https:\/\/medicalex.info\/it\/qualita\" \/>\n<meta property=\"og:locale\" content=\"it_IT\" \/>\n<meta property=\"og:type\" content=\"article\" \/>\n<meta property=\"og:title\" content=\"Impegno di gestione - Medicalex\" \/>\n<meta property=\"og:description\" content=\"La competizione industriale con la quale noi siamo confrontati ci costringe a continuamente evolvere. Essere competitivo \u00e8 un requisito e soddisfare tutte le necessit\u00e0 dei nostri costumisti \u00e8 una necessit\u00e0. Il futuro della nostra societ\u00e0 dipende dai quattro fattori fondamentali che sono i prezzi, i termine massimo, le innovazioni e la qualit\u00e0. La qualit\u00e0 \u00e8 [&hellip;]\" \/>\n<meta property=\"og:url\" content=\"https:\/\/medicalex.info\/it\/qualita\" \/>\n<meta property=\"og:site_name\" content=\"Medicalex\" \/>\n<meta property=\"article:modified_time\" content=\"2023-07-17T10:10:40+00:00\" \/>\n<meta name=\"twitter:label1\" content=\"Tempo di lettura stimato\" \/>\n\t<meta name=\"twitter:data1\" content=\"2 minuti\" \/>\n<script type=\"application\/ld+json\" class=\"yoast-schema-graph\">{\"@context\":\"https:\/\/schema.org\",\"@graph\":[{\"@type\":\"WebPage\",\"@id\":\"https:\/\/medicalex.info\/it\/qualita\",\"url\":\"https:\/\/medicalex.info\/it\/qualita\",\"name\":\"Impegno di gestione - Medicalex\",\"isPartOf\":{\"@id\":\"https:\/\/medicalex.info\/en\/#website\"},\"datePublished\":\"2015-06-06T13:22:22+00:00\",\"dateModified\":\"2023-07-17T10:10:40+00:00\",\"breadcrumb\":{\"@id\":\"https:\/\/medicalex.info\/it\/qualita#breadcrumb\"},\"inLanguage\":\"it-IT\",\"potentialAction\":[{\"@type\":\"ReadAction\",\"target\":[\"https:\/\/medicalex.info\/it\/qualita\"]}]},{\"@type\":\"BreadcrumbList\",\"@id\":\"https:\/\/medicalex.info\/it\/qualita#breadcrumb\",\"itemListElement\":[{\"@type\":\"ListItem\",\"position\":1,\"name\":\"Accueil\",\"item\":\"https:\/\/medicalex.info\/it\"},{\"@type\":\"ListItem\",\"position\":2,\"name\":\"Impegno di gestione\"}]},{\"@type\":\"WebSite\",\"@id\":\"https:\/\/medicalex.info\/en\/#website\",\"url\":\"https:\/\/medicalex.info\/en\/\",\"name\":\"Medicalex\",\"description\":\"Un site utilisant WordPress\",\"publisher\":{\"@id\":\"https:\/\/medicalex.info\/en\/#organization\"},\"potentialAction\":[{\"@type\":\"SearchAction\",\"target\":{\"@type\":\"EntryPoint\",\"urlTemplate\":\"https:\/\/medicalex.info\/en\/?s={search_term_string}\"},\"query-input\":{\"@type\":\"PropertyValueSpecification\",\"valueRequired\":true,\"valueName\":\"search_term_string\"}}],\"inLanguage\":\"it-IT\"},{\"@type\":\"Organization\",\"@id\":\"https:\/\/medicalex.info\/en\/#organization\",\"name\":\"medicalex\",\"url\":\"https:\/\/medicalex.info\/en\/\",\"logo\":{\"@type\":\"ImageObject\",\"inLanguage\":\"it-IT\",\"@id\":\"https:\/\/medicalex.info\/en\/#\/schema\/logo\/image\/\",\"url\":\"https:\/\/medicalex.info\/wp-content\/uploads\/logo-medicalex.jpg\",\"contentUrl\":\"https:\/\/medicalex.info\/wp-content\/uploads\/logo-medicalex.jpg\",\"width\":1102,\"height\":724,\"caption\":\"medicalex\"},\"image\":{\"@id\":\"https:\/\/medicalex.info\/en\/#\/schema\/logo\/image\/\"},\"sameAs\":[\"https:\/\/www.instagram.com\/medicalex_francemed\/?hl=fr\",\"https:\/\/www.linkedin.com\/company\/francemed\",\"https:\/\/www.youtube.com\/channel\/UCH6YKFJAq9dng7uataz8y-Q\"]}]}<\/script>\n<!-- \/ Yoast SEO plugin. -->","yoast_head_json":{"title":"Impegno di gestione - Medicalex","robots":{"index":"index","follow":"follow","max-snippet":"max-snippet:-1","max-image-preview":"max-image-preview:large","max-video-preview":"max-video-preview:-1"},"canonical":"https:\/\/medicalex.info\/it\/qualita","og_locale":"it_IT","og_type":"article","og_title":"Impegno di gestione - Medicalex","og_description":"La competizione industriale con la quale noi siamo confrontati ci costringe a continuamente evolvere. Essere competitivo \u00e8 un requisito e soddisfare tutte le necessit\u00e0 dei nostri costumisti \u00e8 una necessit\u00e0. Il futuro della nostra societ\u00e0 dipende dai quattro fattori fondamentali che sono i prezzi, i termine massimo, le innovazioni e la qualit\u00e0. La qualit\u00e0 \u00e8 [&hellip;]","og_url":"https:\/\/medicalex.info\/it\/qualita","og_site_name":"Medicalex","article_modified_time":"2023-07-17T10:10:40+00:00","twitter_misc":{"Tempo di lettura stimato":"2 minuti"},"schema":{"@context":"https:\/\/schema.org","@graph":[{"@type":"WebPage","@id":"https:\/\/medicalex.info\/it\/qualita","url":"https:\/\/medicalex.info\/it\/qualita","name":"Impegno di gestione - Medicalex","isPartOf":{"@id":"https:\/\/medicalex.info\/en\/#website"},"datePublished":"2015-06-06T13:22:22+00:00","dateModified":"2023-07-17T10:10:40+00:00","breadcrumb":{"@id":"https:\/\/medicalex.info\/it\/qualita#breadcrumb"},"inLanguage":"it-IT","potentialAction":[{"@type":"ReadAction","target":["https:\/\/medicalex.info\/it\/qualita"]}]},{"@type":"BreadcrumbList","@id":"https:\/\/medicalex.info\/it\/qualita#breadcrumb","itemListElement":[{"@type":"ListItem","position":1,"name":"Accueil","item":"https:\/\/medicalex.info\/it"},{"@type":"ListItem","position":2,"name":"Impegno di gestione"}]},{"@type":"WebSite","@id":"https:\/\/medicalex.info\/en\/#website","url":"https:\/\/medicalex.info\/en\/","name":"Medicalex","description":"Un site utilisant WordPress","publisher":{"@id":"https:\/\/medicalex.info\/en\/#organization"},"potentialAction":[{"@type":"SearchAction","target":{"@type":"EntryPoint","urlTemplate":"https:\/\/medicalex.info\/en\/?s={search_term_string}"},"query-input":{"@type":"PropertyValueSpecification","valueRequired":true,"valueName":"search_term_string"}}],"inLanguage":"it-IT"},{"@type":"Organization","@id":"https:\/\/medicalex.info\/en\/#organization","name":"medicalex","url":"https:\/\/medicalex.info\/en\/","logo":{"@type":"ImageObject","inLanguage":"it-IT","@id":"https:\/\/medicalex.info\/en\/#\/schema\/logo\/image\/","url":"https:\/\/medicalex.info\/wp-content\/uploads\/logo-medicalex.jpg","contentUrl":"https:\/\/medicalex.info\/wp-content\/uploads\/logo-medicalex.jpg","width":1102,"height":724,"caption":"medicalex"},"image":{"@id":"https:\/\/medicalex.info\/en\/#\/schema\/logo\/image\/"},"sameAs":["https:\/\/www.instagram.com\/medicalex_francemed\/?hl=fr","https:\/\/www.linkedin.com\/company\/francemed","https:\/\/www.youtube.com\/channel\/UCH6YKFJAq9dng7uataz8y-Q"]}]}},"_links":{"self":[{"href":"https:\/\/medicalex.info\/it\/wp-json\/wp\/v2\/pages\/1735","targetHints":{"allow":["GET"]}}],"collection":[{"href":"https:\/\/medicalex.info\/it\/wp-json\/wp\/v2\/pages"}],"about":[{"href":"https:\/\/medicalex.info\/it\/wp-json\/wp\/v2\/types\/page"}],"author":[{"embeddable":true,"href":"https:\/\/medicalex.info\/it\/wp-json\/wp\/v2\/users\/1"}],"replies":[{"embeddable":true,"href":"https:\/\/medicalex.info\/it\/wp-json\/wp\/v2\/comments?post=1735"}],"version-history":[{"count":8,"href":"https:\/\/medicalex.info\/it\/wp-json\/wp\/v2\/pages\/1735\/revisions"}],"predecessor-version":[{"id":5643,"href":"https:\/\/medicalex.info\/it\/wp-json\/wp\/v2\/pages\/1735\/revisions\/5643"}],"wp:attachment":[{"href":"https:\/\/medicalex.info\/it\/wp-json\/wp\/v2\/media?parent=1735"}],"curies":[{"name":"wp","href":"https:\/\/api.w.org\/{rel}","templated":true}]}}