{"id":74,"date":"2014-10-29T05:15:04","date_gmt":"2014-10-29T04:15:04","guid":{"rendered":"http:\/\/medicalex.info\/qualite-2"},"modified":"2023-07-17T11:10:44","modified_gmt":"2023-07-17T10:10:44","slug":"qualite","status":"publish","type":"page","link":"https:\/\/medicalex.info\/es\/qualite","title":{"rendered":"COMPROMISO DE LA DIRECCI\u00d3N"},"content":{"rendered":"<p>La competencia industrial con la cual estamos confrontados nos impone de evolucionar constantemente. Ser competitivo es una exigencia y satisfacer en todo punto a nuestros clientes una necesidad.<\/p>\n<p>El futuro de nuestra empresa depende de cuatro factores(carteros) fundamentales que son los precios(premios), los plazos, la innovaci\u00f3n y la Calidad. La Calidad es el factor(cartero) esencial que nos permitir\u00e1 afirmar duraderamente nuestra reputaci\u00f3n cerca de nuestros clientes y conquistar nuevos mercados.<\/p>\n<p>Adem\u00e1s, los fabricantes europeos de dispositivos m\u00e9dicos est\u00e1n sometidos a numerosas reglamentaciones que deben respetar con el fin de ser autorizados por las autoridades competentes a fabricar y comercializar sus productos.<br \/>\nEs por las diferentes razones que decidimos colocar un programa de Garant\u00eda de calidad para satisfacer a las necesidades de los clientes seg\u00fan las exigencias reglamentarias de las normas ISO 9001:2000 e ISO 13485:2016.<\/p>\n<p>Vemos totalmente la puesta vital que representa la colocaci\u00f3n de tal sistema para nuestra empresa pero esto es posible s\u00f3lo a trav\u00e9s de una gesti\u00f3n colectiva de la Calidad. El compromiso de ellos todos en este paso(gesti\u00f3n) es la condici\u00f3n esencial de nuestro \u00e9xito. Es por eso que velamos a comunicar muy particularmente en el seno de nuestra empresa la importancia que satisface las exigencias de los clientes y de las reglamentaciones.<\/p>\n<p>Manual Calidad formaliza el Sistema Calidad de nuestra empresa as\u00ed como las disposiciones tomadas para asegurarles a nuestros clientes la Calidad de nuestros productos y servicios. Es un documento que debe evolucionar sin interrupci\u00f3n para ser eficaz y es de nuestra responsabilidad a ellos todos de participar en su mejoramiento.<\/p>\n<p>En el seno de la Direcci\u00f3n general, Nicole Levy, Responsable Calidad, tiene para misi\u00f3n esencial de definir y mantener el Sistema Calidad, a trav\u00e9s del establecimiento de objetivos calidades claramente definidos. Tambi\u00e9n se asegura la buena comprensi\u00f3n y la aplicaci\u00f3n por nosotros todos disposiciones tomadas. Todas las acciones emprendidas por el Responsable Calidad son aseguradas por nuestro apoyo.<\/p>\n<p>Nuestra eficacia futura depende del esfuerzo que nosotros todos haremos para elaborar, respetar y sobre todo mejorar el Sistema Calidad de nuestra empresa. Para asegurarnos que esta pol\u00edtica es comprendida por ellos todos, efectivamente puesta en ejecuci\u00f3n y mantenida(entretenida) a todos los niveles de nuestra sociedad, efectuamos regularmente revistas de direcci\u00f3n y audits interno.<\/p>\n<p>Nos comprometemos en poner los medios necesarios para la colocaci\u00f3n de las disposiciones retenidas por el Responsable Calidad.<\/p>\n<ul class=\"sign1 sign2\">\n<li><strong>La Direcci\u00f3n Administrativa y comercial<\/strong><\/li>\n<li>Fabienne Levy<\/li>\n<\/ul>\n<ul class=\"sign1\">\n<li><strong>La Direcci\u00f3n T\u00e9cnica<\/strong><\/li>\n<li>Nicole Levy<\/li>\n<\/ul>\n","protected":false},"excerpt":{"rendered":"<p>La competencia industrial con la cual estamos confrontados nos impone de evolucionar constantemente. Ser competitivo es una exigencia y satisfacer en todo punto a nuestros clientes una necesidad. El futuro de nuestra empresa depende de cuatro factores(carteros) fundamentales que son los precios(premios), los plazos, la innovaci\u00f3n y la Calidad. La Calidad es el factor(cartero) esencial [&hellip;]<\/p>\n","protected":false},"author":1,"featured_media":0,"parent":0,"menu_order":0,"comment_status":"closed","ping_status":"open","template":"templates\/template-fullwidth.php","meta":{"footnotes":""},"class_list":["post-74","page","type-page","status-publish","hentry"],"yoast_head":"<!-- This site is optimized with the Yoast SEO plugin v26.1.1 - https:\/\/yoast.com\/wordpress\/plugins\/seo\/ -->\n<title>COMPROMISO DE LA DIRECCI\u00d3N - Medicalex<\/title>\n<meta name=\"robots\" content=\"index, follow, max-snippet:-1, max-image-preview:large, max-video-preview:-1\" \/>\n<link rel=\"canonical\" href=\"https:\/\/medicalex.info\/es\/qualite\" \/>\n<meta property=\"og:locale\" content=\"es_ES\" \/>\n<meta property=\"og:type\" content=\"article\" \/>\n<meta property=\"og:title\" content=\"COMPROMISO DE LA DIRECCI\u00d3N - Medicalex\" \/>\n<meta property=\"og:description\" content=\"La competencia industrial con la cual estamos confrontados nos impone de evolucionar constantemente. Ser competitivo es una exigencia y satisfacer en todo punto a nuestros clientes una necesidad. El futuro de nuestra empresa depende de cuatro factores(carteros) fundamentales que son los precios(premios), los plazos, la innovaci\u00f3n y la Calidad. La Calidad es el factor(cartero) esencial [&hellip;]\" \/>\n<meta property=\"og:url\" content=\"https:\/\/medicalex.info\/es\/qualite\" \/>\n<meta property=\"og:site_name\" content=\"Medicalex\" \/>\n<meta property=\"article:modified_time\" content=\"2023-07-17T10:10:44+00:00\" \/>\n<meta name=\"twitter:label1\" content=\"Tiempo de lectura\" \/>\n\t<meta name=\"twitter:data1\" content=\"2 minutos\" \/>\n<script type=\"application\/ld+json\" class=\"yoast-schema-graph\">{\"@context\":\"https:\/\/schema.org\",\"@graph\":[{\"@type\":\"WebPage\",\"@id\":\"https:\/\/medicalex.info\/es\/qualite\",\"url\":\"https:\/\/medicalex.info\/es\/qualite\",\"name\":\"COMPROMISO DE LA DIRECCI\u00d3N - Medicalex\",\"isPartOf\":{\"@id\":\"https:\/\/medicalex.info\/en\/#website\"},\"datePublished\":\"2014-10-29T04:15:04+00:00\",\"dateModified\":\"2023-07-17T10:10:44+00:00\",\"breadcrumb\":{\"@id\":\"https:\/\/medicalex.info\/es\/qualite#breadcrumb\"},\"inLanguage\":\"es\",\"potentialAction\":[{\"@type\":\"ReadAction\",\"target\":[\"https:\/\/medicalex.info\/es\/qualite\"]}]},{\"@type\":\"BreadcrumbList\",\"@id\":\"https:\/\/medicalex.info\/es\/qualite#breadcrumb\",\"itemListElement\":[{\"@type\":\"ListItem\",\"position\":1,\"name\":\"Accueil\",\"item\":\"https:\/\/medicalex.info\/es\"},{\"@type\":\"ListItem\",\"position\":2,\"name\":\"COMPROMISO DE LA DIRECCI\u00d3N\"}]},{\"@type\":\"WebSite\",\"@id\":\"https:\/\/medicalex.info\/en\/#website\",\"url\":\"https:\/\/medicalex.info\/en\/\",\"name\":\"Medicalex\",\"description\":\"Un site utilisant WordPress\",\"publisher\":{\"@id\":\"https:\/\/medicalex.info\/en\/#organization\"},\"potentialAction\":[{\"@type\":\"SearchAction\",\"target\":{\"@type\":\"EntryPoint\",\"urlTemplate\":\"https:\/\/medicalex.info\/en\/?s={search_term_string}\"},\"query-input\":{\"@type\":\"PropertyValueSpecification\",\"valueRequired\":true,\"valueName\":\"search_term_string\"}}],\"inLanguage\":\"es\"},{\"@type\":\"Organization\",\"@id\":\"https:\/\/medicalex.info\/en\/#organization\",\"name\":\"medicalex\",\"url\":\"https:\/\/medicalex.info\/en\/\",\"logo\":{\"@type\":\"ImageObject\",\"inLanguage\":\"es\",\"@id\":\"https:\/\/medicalex.info\/en\/#\/schema\/logo\/image\/\",\"url\":\"https:\/\/medicalex.info\/wp-content\/uploads\/logo-medicalex.jpg\",\"contentUrl\":\"https:\/\/medicalex.info\/wp-content\/uploads\/logo-medicalex.jpg\",\"width\":1102,\"height\":724,\"caption\":\"medicalex\"},\"image\":{\"@id\":\"https:\/\/medicalex.info\/en\/#\/schema\/logo\/image\/\"},\"sameAs\":[\"https:\/\/www.instagram.com\/medicalex_francemed\/?hl=fr\",\"https:\/\/www.linkedin.com\/company\/francemed\",\"https:\/\/www.youtube.com\/channel\/UCH6YKFJAq9dng7uataz8y-Q\"]}]}<\/script>\n<!-- \/ Yoast SEO plugin. -->","yoast_head_json":{"title":"COMPROMISO DE LA DIRECCI\u00d3N - Medicalex","robots":{"index":"index","follow":"follow","max-snippet":"max-snippet:-1","max-image-preview":"max-image-preview:large","max-video-preview":"max-video-preview:-1"},"canonical":"https:\/\/medicalex.info\/es\/qualite","og_locale":"es_ES","og_type":"article","og_title":"COMPROMISO DE LA DIRECCI\u00d3N - Medicalex","og_description":"La competencia industrial con la cual estamos confrontados nos impone de evolucionar constantemente. Ser competitivo es una exigencia y satisfacer en todo punto a nuestros clientes una necesidad. El futuro de nuestra empresa depende de cuatro factores(carteros) fundamentales que son los precios(premios), los plazos, la innovaci\u00f3n y la Calidad. La Calidad es el factor(cartero) esencial [&hellip;]","og_url":"https:\/\/medicalex.info\/es\/qualite","og_site_name":"Medicalex","article_modified_time":"2023-07-17T10:10:44+00:00","twitter_misc":{"Tiempo de lectura":"2 minutos"},"schema":{"@context":"https:\/\/schema.org","@graph":[{"@type":"WebPage","@id":"https:\/\/medicalex.info\/es\/qualite","url":"https:\/\/medicalex.info\/es\/qualite","name":"COMPROMISO DE LA DIRECCI\u00d3N - Medicalex","isPartOf":{"@id":"https:\/\/medicalex.info\/en\/#website"},"datePublished":"2014-10-29T04:15:04+00:00","dateModified":"2023-07-17T10:10:44+00:00","breadcrumb":{"@id":"https:\/\/medicalex.info\/es\/qualite#breadcrumb"},"inLanguage":"es","potentialAction":[{"@type":"ReadAction","target":["https:\/\/medicalex.info\/es\/qualite"]}]},{"@type":"BreadcrumbList","@id":"https:\/\/medicalex.info\/es\/qualite#breadcrumb","itemListElement":[{"@type":"ListItem","position":1,"name":"Accueil","item":"https:\/\/medicalex.info\/es"},{"@type":"ListItem","position":2,"name":"COMPROMISO DE LA DIRECCI\u00d3N"}]},{"@type":"WebSite","@id":"https:\/\/medicalex.info\/en\/#website","url":"https:\/\/medicalex.info\/en\/","name":"Medicalex","description":"Un site utilisant WordPress","publisher":{"@id":"https:\/\/medicalex.info\/en\/#organization"},"potentialAction":[{"@type":"SearchAction","target":{"@type":"EntryPoint","urlTemplate":"https:\/\/medicalex.info\/en\/?s={search_term_string}"},"query-input":{"@type":"PropertyValueSpecification","valueRequired":true,"valueName":"search_term_string"}}],"inLanguage":"es"},{"@type":"Organization","@id":"https:\/\/medicalex.info\/en\/#organization","name":"medicalex","url":"https:\/\/medicalex.info\/en\/","logo":{"@type":"ImageObject","inLanguage":"es","@id":"https:\/\/medicalex.info\/en\/#\/schema\/logo\/image\/","url":"https:\/\/medicalex.info\/wp-content\/uploads\/logo-medicalex.jpg","contentUrl":"https:\/\/medicalex.info\/wp-content\/uploads\/logo-medicalex.jpg","width":1102,"height":724,"caption":"medicalex"},"image":{"@id":"https:\/\/medicalex.info\/en\/#\/schema\/logo\/image\/"},"sameAs":["https:\/\/www.instagram.com\/medicalex_francemed\/?hl=fr","https:\/\/www.linkedin.com\/company\/francemed","https:\/\/www.youtube.com\/channel\/UCH6YKFJAq9dng7uataz8y-Q"]}]}},"_links":{"self":[{"href":"https:\/\/medicalex.info\/es\/wp-json\/wp\/v2\/pages\/74","targetHints":{"allow":["GET"]}}],"collection":[{"href":"https:\/\/medicalex.info\/es\/wp-json\/wp\/v2\/pages"}],"about":[{"href":"https:\/\/medicalex.info\/es\/wp-json\/wp\/v2\/types\/page"}],"author":[{"embeddable":true,"href":"https:\/\/medicalex.info\/es\/wp-json\/wp\/v2\/users\/1"}],"replies":[{"embeddable":true,"href":"https:\/\/medicalex.info\/es\/wp-json\/wp\/v2\/comments?post=74"}],"version-history":[{"count":12,"href":"https:\/\/medicalex.info\/es\/wp-json\/wp\/v2\/pages\/74\/revisions"}],"predecessor-version":[{"id":5644,"href":"https:\/\/medicalex.info\/es\/wp-json\/wp\/v2\/pages\/74\/revisions\/5644"}],"wp:attachment":[{"href":"https:\/\/medicalex.info\/es\/wp-json\/wp\/v2\/media?parent=74"}],"curies":[{"name":"wp","href":"https:\/\/api.w.org\/{rel}","templated":true}]}}