{"id":27,"date":"2014-10-29T04:08:15","date_gmt":"2014-10-29T03:08:15","guid":{"rendered":"http:\/\/medicalex.info\/accueil-2"},"modified":"2026-02-16T11:15:36","modified_gmt":"2026-02-16T10:15:36","slug":"accueil","status":"publish","type":"page","link":"https:\/\/medicalex.info\/es","title":{"rendered":"Inicio"},"content":{"rendered":"<p><a href=\"https:\/\/medicalex.info\/inscription-au-webinaire-perfecto\"><img decoding=\"async\" style=\"width: 100%;\" src=\"https:\/\/medicalex.info\/wp-content\/uploads\/\/Webinaire-Clou-Safe-1024x1024.png\" alt=\"\" \/><\/a><\/p>\n<p style=\"text-align: center;\"><a href=\"https:\/\/medicalex.info\/inscription-au-webinaire-perfecto\">Register for the Perfecto webinar<\/a><\/p>\n<header class=\"page-header\">\n<h1 class=\"page-header-title\">PRESENTACI\u00d3N DE EMPRESAS MEDICALEX Y FRANCEMED<\/h1>\n<\/header>\n<p>Nuestras sociedades, creadas en 1967 son unas sociedades francesas a car\u00e1cter familiar. Han sido creadas por<br \/>\nSe\u00f1or Aldo Levy y Se\u00f1ora C\u00e9cile Levy.<\/p>\n<p>Somos especializados en el dise\u00f1o(concepci\u00f3n), la fabricaci\u00f3n y el negocio de implantes ortop\u00e9dicos pero tambi\u00e9n de materiales diversos y quir\u00fargicos. Para cubrir las necesidades mejor de nuestra clientela, estudiamos toda demanda que concierne a productos espec\u00edficos.<\/p>\n<p>Nuestro laboratorio de b\u00fasqueda(investigaci\u00f3n) y de desarrollo, creado en 1987, as\u00ed como nuestra unidad de producci\u00f3n nos permiten toda realizaci\u00f3n a medida y la creaci\u00f3n de nuevos productos. Esta estructura nos permite colaborar con los servicios de cirug\u00eda ortop\u00e9dica de los hospitales y las cl\u00ednicas.<\/p>\n<h2 class=\"titre-fl\" style=\"margin-bottom: 16px;\">Informaci\u00f3n<\/h2>\n<p>Actualmente tenemos problemas con nuestras l\u00edneas telef\u00f3nicas.<br \/>\nPuede comunicarse con nosotros a los siguientes n\u00fameros:<br \/>\n+ 33 6 63 64 36 83<br \/>\n+ 33 6 63 02 88 80<\/p>\n<p>Por otro lado, ya no podemos recibir faxes.<\/p>\n<p>Puede enviar sus pedidos a: <a href=\"mailto:magasin@medicalex.info\">magasin@medicalex.info<\/a><\/p>\n<p>Agradecemos su comprensi\u00f3n.<\/p>\n<p>Sus cat\u00e1logos pueden ser versiones no actualizadas.<br \/>\nPor favor, descargue las \u00faltimas versiones.<\/p>\n<h2 class=\"titre-fl\">Noticias<\/h2>\n<div style=\"margin-top: 10px;\">Pr\u00f3ximo congreso:<\/div>\n<ul class=\"ul-news\" style=\"margin-top: 10px;\">\n<li>\n<h3>SOFCOT \u2013 PALAIS DES CONGRES &#8211; PARIS<\/h3>\n<p><strong>Stand N06<\/strong><br \/>\n<a href=\"http:\/\/www.sofcot.fr\/\" target=\"_blank\" rel=\"noopener\">http:\/\/www.sofcot.fr\/<\/a><\/li>\n<li>Medicalex ya est\u00e1 activo en redes sociales. Vis\u00edtanos en LinkedIn <a href=\"https:\/\/www.linkedin.com\/company\/medicalex-francemed\/\">Linkedin<\/a> e Instagram!\n<div style=\"margin-top: 10px;\">\n<a href=\"https:\/\/www.linkedin.com\/company\/medicalex-francemed\/\"><img loading=\"lazy\" decoding=\"async\" src=\"https:\/\/medicalex.info\/wp-content\/uploads\/LI-Logo.png\" alt=\"\" width=\"100\" height=\"135\" class=\"wp-image-7598\" \/><\/a>\n<\/div>\n<\/li>\n<\/ul>\n","protected":false},"excerpt":{"rendered":"<p>Register for the Perfecto webinar PRESENTACI\u00d3N DE EMPRESAS MEDICALEX Y FRANCEMED Nuestras sociedades, creadas en 1967 son unas sociedades francesas a car\u00e1cter familiar. Han sido creadas por Se\u00f1or Aldo Levy y Se\u00f1ora C\u00e9cile Levy. Somos especializados en el dise\u00f1o(concepci\u00f3n), la fabricaci\u00f3n y el negocio de implantes ortop\u00e9dicos pero tambi\u00e9n de materiales diversos y quir\u00fargicos. Para [&hellip;]<\/p>\n","protected":false},"author":1,"featured_media":0,"parent":0,"menu_order":0,"comment_status":"closed","ping_status":"closed","template":"templates\/template-home.php","meta":{"footnotes":""},"class_list":["post-27","page","type-page","status-publish","hentry"],"yoast_head":"<!-- This site is optimized with the Yoast SEO plugin v26.1.1 - https:\/\/yoast.com\/wordpress\/plugins\/seo\/ -->\n<title>Inicio - Medicalex<\/title>\n<meta name=\"robots\" content=\"index, follow, max-snippet:-1, max-image-preview:large, max-video-preview:-1\" \/>\n<link rel=\"canonical\" href=\"https:\/\/medicalex.info\/es\" \/>\n<meta property=\"og:locale\" content=\"es_ES\" \/>\n<meta property=\"og:type\" content=\"article\" \/>\n<meta property=\"og:title\" content=\"Inicio - Medicalex\" \/>\n<meta property=\"og:description\" content=\"Register for the Perfecto webinar PRESENTACI\u00d3N DE EMPRESAS MEDICALEX Y FRANCEMED Nuestras sociedades, creadas en 1967 son unas sociedades francesas a car\u00e1cter familiar. Han sido creadas por Se\u00f1or Aldo Levy y Se\u00f1ora C\u00e9cile Levy. Somos especializados en el dise\u00f1o(concepci\u00f3n), la fabricaci\u00f3n y el negocio de implantes ortop\u00e9dicos pero tambi\u00e9n de materiales diversos y quir\u00fargicos. Para [&hellip;]\" \/>\n<meta property=\"og:url\" content=\"https:\/\/medicalex.info\/es\" \/>\n<meta property=\"og:site_name\" content=\"Medicalex\" \/>\n<meta property=\"article:modified_time\" content=\"2026-02-16T10:15:36+00:00\" \/>\n<meta property=\"og:image\" content=\"https:\/\/medicalex.info\/wp-content\/uploads\/\/Webinaire-Clou-Safe-1024x1024.png\" \/>\n<meta name=\"twitter:label1\" content=\"Tiempo de lectura\" \/>\n\t<meta name=\"twitter:data1\" content=\"2 minutos\" \/>\n<script type=\"application\/ld+json\" class=\"yoast-schema-graph\">{\"@context\":\"https:\/\/schema.org\",\"@graph\":[{\"@type\":\"WebPage\",\"@id\":\"https:\/\/medicalex.info\/es\",\"url\":\"https:\/\/medicalex.info\/es\",\"name\":\"Inicio - Medicalex\",\"isPartOf\":{\"@id\":\"https:\/\/medicalex.info\/en\/#website\"},\"primaryImageOfPage\":{\"@id\":\"https:\/\/medicalex.info\/es#primaryimage\"},\"image\":{\"@id\":\"https:\/\/medicalex.info\/es#primaryimage\"},\"thumbnailUrl\":\"https:\/\/medicalex.info\/wp-content\/uploads\/\/Webinaire-Clou-Safe-1024x1024.png\",\"datePublished\":\"2014-10-29T03:08:15+00:00\",\"dateModified\":\"2026-02-16T10:15:36+00:00\",\"breadcrumb\":{\"@id\":\"https:\/\/medicalex.info\/es#breadcrumb\"},\"inLanguage\":\"es\",\"potentialAction\":[{\"@type\":\"ReadAction\",\"target\":[\"https:\/\/medicalex.info\/es\"]}]},{\"@type\":\"ImageObject\",\"inLanguage\":\"es\",\"@id\":\"https:\/\/medicalex.info\/es#primaryimage\",\"url\":\"https:\/\/medicalex.info\/wp-content\/uploads\/\/Webinaire-Clou-Safe-1024x1024.png\",\"contentUrl\":\"https:\/\/medicalex.info\/wp-content\/uploads\/\/Webinaire-Clou-Safe-1024x1024.png\"},{\"@type\":\"BreadcrumbList\",\"@id\":\"https:\/\/medicalex.info\/es#breadcrumb\",\"itemListElement\":[{\"@type\":\"ListItem\",\"position\":1,\"name\":\"Accueil\",\"item\":\"https:\/\/medicalex.info\/es\"},{\"@type\":\"ListItem\",\"position\":2,\"name\":\"Inicio\"}]},{\"@type\":\"WebSite\",\"@id\":\"https:\/\/medicalex.info\/en\/#website\",\"url\":\"https:\/\/medicalex.info\/en\/\",\"name\":\"Medicalex\",\"description\":\"Un site utilisant WordPress\",\"publisher\":{\"@id\":\"https:\/\/medicalex.info\/en\/#organization\"},\"potentialAction\":[{\"@type\":\"SearchAction\",\"target\":{\"@type\":\"EntryPoint\",\"urlTemplate\":\"https:\/\/medicalex.info\/en\/?s={search_term_string}\"},\"query-input\":{\"@type\":\"PropertyValueSpecification\",\"valueRequired\":true,\"valueName\":\"search_term_string\"}}],\"inLanguage\":\"es\"},{\"@type\":\"Organization\",\"@id\":\"https:\/\/medicalex.info\/en\/#organization\",\"name\":\"medicalex\",\"url\":\"https:\/\/medicalex.info\/en\/\",\"logo\":{\"@type\":\"ImageObject\",\"inLanguage\":\"es\",\"@id\":\"https:\/\/medicalex.info\/en\/#\/schema\/logo\/image\/\",\"url\":\"https:\/\/medicalex.info\/wp-content\/uploads\/logo-medicalex.jpg\",\"contentUrl\":\"https:\/\/medicalex.info\/wp-content\/uploads\/logo-medicalex.jpg\",\"width\":1102,\"height\":724,\"caption\":\"medicalex\"},\"image\":{\"@id\":\"https:\/\/medicalex.info\/en\/#\/schema\/logo\/image\/\"},\"sameAs\":[\"https:\/\/www.instagram.com\/medicalex_francemed\/?hl=fr\",\"https:\/\/www.linkedin.com\/company\/francemed\",\"https:\/\/www.youtube.com\/channel\/UCH6YKFJAq9dng7uataz8y-Q\"]}]}<\/script>\n<!-- \/ Yoast SEO plugin. -->","yoast_head_json":{"title":"Inicio - Medicalex","robots":{"index":"index","follow":"follow","max-snippet":"max-snippet:-1","max-image-preview":"max-image-preview:large","max-video-preview":"max-video-preview:-1"},"canonical":"https:\/\/medicalex.info\/es","og_locale":"es_ES","og_type":"article","og_title":"Inicio - Medicalex","og_description":"Register for the Perfecto webinar PRESENTACI\u00d3N DE EMPRESAS MEDICALEX Y FRANCEMED Nuestras sociedades, creadas en 1967 son unas sociedades francesas a car\u00e1cter familiar. Han sido creadas por Se\u00f1or Aldo Levy y Se\u00f1ora C\u00e9cile Levy. Somos especializados en el dise\u00f1o(concepci\u00f3n), la fabricaci\u00f3n y el negocio de implantes ortop\u00e9dicos pero tambi\u00e9n de materiales diversos y quir\u00fargicos. Para [&hellip;]","og_url":"https:\/\/medicalex.info\/es","og_site_name":"Medicalex","article_modified_time":"2026-02-16T10:15:36+00:00","og_image":[{"url":"https:\/\/medicalex.info\/wp-content\/uploads\/\/Webinaire-Clou-Safe-1024x1024.png","type":"","width":"","height":""}],"twitter_misc":{"Tiempo de lectura":"2 minutos"},"schema":{"@context":"https:\/\/schema.org","@graph":[{"@type":"WebPage","@id":"https:\/\/medicalex.info\/es","url":"https:\/\/medicalex.info\/es","name":"Inicio - Medicalex","isPartOf":{"@id":"https:\/\/medicalex.info\/en\/#website"},"primaryImageOfPage":{"@id":"https:\/\/medicalex.info\/es#primaryimage"},"image":{"@id":"https:\/\/medicalex.info\/es#primaryimage"},"thumbnailUrl":"https:\/\/medicalex.info\/wp-content\/uploads\/\/Webinaire-Clou-Safe-1024x1024.png","datePublished":"2014-10-29T03:08:15+00:00","dateModified":"2026-02-16T10:15:36+00:00","breadcrumb":{"@id":"https:\/\/medicalex.info\/es#breadcrumb"},"inLanguage":"es","potentialAction":[{"@type":"ReadAction","target":["https:\/\/medicalex.info\/es"]}]},{"@type":"ImageObject","inLanguage":"es","@id":"https:\/\/medicalex.info\/es#primaryimage","url":"https:\/\/medicalex.info\/wp-content\/uploads\/\/Webinaire-Clou-Safe-1024x1024.png","contentUrl":"https:\/\/medicalex.info\/wp-content\/uploads\/\/Webinaire-Clou-Safe-1024x1024.png"},{"@type":"BreadcrumbList","@id":"https:\/\/medicalex.info\/es#breadcrumb","itemListElement":[{"@type":"ListItem","position":1,"name":"Accueil","item":"https:\/\/medicalex.info\/es"},{"@type":"ListItem","position":2,"name":"Inicio"}]},{"@type":"WebSite","@id":"https:\/\/medicalex.info\/en\/#website","url":"https:\/\/medicalex.info\/en\/","name":"Medicalex","description":"Un site utilisant WordPress","publisher":{"@id":"https:\/\/medicalex.info\/en\/#organization"},"potentialAction":[{"@type":"SearchAction","target":{"@type":"EntryPoint","urlTemplate":"https:\/\/medicalex.info\/en\/?s={search_term_string}"},"query-input":{"@type":"PropertyValueSpecification","valueRequired":true,"valueName":"search_term_string"}}],"inLanguage":"es"},{"@type":"Organization","@id":"https:\/\/medicalex.info\/en\/#organization","name":"medicalex","url":"https:\/\/medicalex.info\/en\/","logo":{"@type":"ImageObject","inLanguage":"es","@id":"https:\/\/medicalex.info\/en\/#\/schema\/logo\/image\/","url":"https:\/\/medicalex.info\/wp-content\/uploads\/logo-medicalex.jpg","contentUrl":"https:\/\/medicalex.info\/wp-content\/uploads\/logo-medicalex.jpg","width":1102,"height":724,"caption":"medicalex"},"image":{"@id":"https:\/\/medicalex.info\/en\/#\/schema\/logo\/image\/"},"sameAs":["https:\/\/www.instagram.com\/medicalex_francemed\/?hl=fr","https:\/\/www.linkedin.com\/company\/francemed","https:\/\/www.youtube.com\/channel\/UCH6YKFJAq9dng7uataz8y-Q"]}]}},"_links":{"self":[{"href":"https:\/\/medicalex.info\/es\/wp-json\/wp\/v2\/pages\/27","targetHints":{"allow":["GET"]}}],"collection":[{"href":"https:\/\/medicalex.info\/es\/wp-json\/wp\/v2\/pages"}],"about":[{"href":"https:\/\/medicalex.info\/es\/wp-json\/wp\/v2\/types\/page"}],"author":[{"embeddable":true,"href":"https:\/\/medicalex.info\/es\/wp-json\/wp\/v2\/users\/1"}],"replies":[{"embeddable":true,"href":"https:\/\/medicalex.info\/es\/wp-json\/wp\/v2\/comments?post=27"}],"version-history":[{"count":96,"href":"https:\/\/medicalex.info\/es\/wp-json\/wp\/v2\/pages\/27\/revisions"}],"predecessor-version":[{"id":7829,"href":"https:\/\/medicalex.info\/es\/wp-json\/wp\/v2\/pages\/27\/revisions\/7829"}],"wp:attachment":[{"href":"https:\/\/medicalex.info\/es\/wp-json\/wp\/v2\/media?parent=27"}],"curies":[{"name":"wp","href":"https:\/\/api.w.org\/{rel}","templated":true}]}}