{"id":1357,"date":"2015-01-10T13:37:21","date_gmt":"2015-01-10T12:37:21","guid":{"rendered":"http:\/\/medicalex.plusdeweb.info\/?page_id=1357"},"modified":"2021-04-14T22:36:39","modified_gmt":"2021-04-14T21:36:39","slug":"contact","status":"publish","type":"page","link":"https:\/\/medicalex.info\/es\/contact","title":{"rendered":"Contacto"},"content":{"rendered":"<div id=\"div_left_contact\" class=\"span_12 col clr clr-margin\">H\u00e1ganos saber sus necesidades y proyectos a trav\u00e9s de este formulario.<br \/>\n<small>Campos reportados con un * son obligatorios.<\/small>\n<div class=\"wpcf7 no-js\" id=\"wpcf7-f1361-o1\" lang=\"fr-FR\" dir=\"ltr\" data-wpcf7-id=\"1361\">\n<div class=\"screen-reader-response\"><p role=\"status\" aria-live=\"polite\" aria-atomic=\"true\"><\/p> <ul><\/ul><\/div>\n<form action=\"\/es\/wp-json\/wp\/v2\/pages\/1357#wpcf7-f1361-o1\" method=\"post\" class=\"wpcf7-form init\" aria-label=\"Formulaire de contact\" novalidate=\"novalidate\" data-status=\"init\">\n<fieldset class=\"hidden-fields-container\"><input type=\"hidden\" name=\"_wpcf7\" value=\"1361\" \/><input type=\"hidden\" name=\"_wpcf7_version\" value=\"6.1.5\" \/><input type=\"hidden\" name=\"_wpcf7_locale\" value=\"fr_FR\" \/><input type=\"hidden\" name=\"_wpcf7_unit_tag\" value=\"wpcf7-f1361-o1\" \/><input type=\"hidden\" name=\"_wpcf7_container_post\" value=\"0\" \/><input type=\"hidden\" name=\"_wpcf7_posted_data_hash\" value=\"\" \/><input type=\"hidden\" name=\"_wpcf7_recaptcha_response\" value=\"\" \/>\n<\/fieldset>\n<p>* T\u00edtulo\n<\/p>\n<p><span class=\"wpcf7-form-control-wrap\" data-name=\"your-civility\"><select class=\"wpcf7-form-control wpcf7-select wpcf7-validates-as-required\" aria-required=\"true\" aria-invalid=\"false\" name=\"your-civility\"><option value=\"Sr\">Sr<\/option><option value=\"Sra\">Sra<\/option><\/select><\/span>\n<\/p>\n<p>* Nombre\n<\/p>\n<p><span class=\"wpcf7-form-control-wrap\" data-name=\"your-name\"><input size=\"40\" maxlength=\"400\" class=\"wpcf7-form-control wpcf7-text wpcf7-validates-as-required\" aria-required=\"true\" aria-invalid=\"false\" value=\"\" type=\"text\" name=\"your-name\" \/><\/span>\n<\/p>\n<p>* Sociedad\n<\/p>\n<p><span class=\"wpcf7-form-control-wrap\" data-name=\"your-society\"><input size=\"40\" maxlength=\"400\" class=\"wpcf7-form-control wpcf7-text wpcf7-validates-as-required\" aria-required=\"true\" aria-invalid=\"false\" value=\"\" type=\"text\" name=\"your-society\" \/><\/span>\n<\/p>\n<p>* Email\n<\/p>\n<p><span class=\"wpcf7-form-control-wrap\" data-name=\"your-email\"><input size=\"40\" maxlength=\"400\" class=\"wpcf7-form-control wpcf7-email wpcf7-validates-as-required wpcf7-text wpcf7-validates-as-email\" aria-required=\"true\" aria-invalid=\"false\" value=\"\" type=\"email\" name=\"your-email\" \/><\/span>\n<\/p>\n<p>* Tel\u00e9fono\n<\/p>\n<p><span class=\"wpcf7-form-control-wrap\" data-name=\"your-tel\"><input size=\"40\" maxlength=\"400\" class=\"wpcf7-form-control wpcf7-text wpcf7-validates-as-required\" aria-required=\"true\" aria-invalid=\"false\" value=\"\" type=\"text\" name=\"your-tel\" \/><\/span>\n<\/p>\n<p>* Mensaje\n<\/p>\n<p><span class=\"wpcf7-form-control-wrap\" data-name=\"your-message\"><textarea cols=\"40\" rows=\"10\" maxlength=\"2000\" class=\"wpcf7-form-control wpcf7-textarea\" aria-invalid=\"false\" name=\"your-message\"><\/textarea><\/span>\n<\/p>\n<p><span class=\"wpcf7-form-control-wrap\" data-name=\"your-consent\"><span class=\"wpcf7-form-control wpcf7-acceptance\"><span class=\"wpcf7-list-item\"><label><input type=\"checkbox\" name=\"your-consent\" value=\"1\" aria-invalid=\"false\" \/><span class=\"wpcf7-list-item-label\">MEDICALEX trata los datos recabados para dar respuesta a su solicitud. Para obtener m\u00e1s informaci\u00f3n sobre la gesti\u00f3n de sus datos personales y ejercer sus derechos, consulte nuestra <a href=\"\/politique-de-confidentialite\" target=\"_blank\">pol\u00edtica de privacidad<\/a>.<\/span><\/label><\/span><\/span><\/span>\n<\/p>\n<div class=\"recaptcha\">\n<span class=\"wpcf7-form-control-wrap recaptcha\" data-name=\"recaptcha\"><span data-sitekey=\"6Lf_U6EUAAAAAFxCJoaBx5ivWicI5XdFp97fEIG6\" class=\"wpcf7-form-control wpcf7-recaptcha g-recaptcha\"><\/span>\r\n<noscript>\r\n\t<div class=\"grecaptcha-noscript\">\r\n\t\t<iframe loading=\"lazy\" src=\"https:\/\/www.google.com\/recaptcha\/api\/fallback?k=6Lf_U6EUAAAAAFxCJoaBx5ivWicI5XdFp97fEIG6\" frameborder=\"0\" scrolling=\"no\" width=\"310\" height=\"430\">\r\n\t\t<\/iframe>\r\n\t\t<textarea name=\"g-recaptcha-response\" rows=\"3\" cols=\"40\" placeholder=\"reCaptcha Response Here\">\r\n\t\t<\/textarea>\r\n\t<\/div>\r\n<\/noscript>\r\n<\/span>\n<\/div>\n<p><input class=\"wpcf7-form-control wpcf7-submit has-spinner\" id=\"valid\" type=\"submit\" value=\"Enviar\" \/>\n<\/p><div class=\"wpcf7-response-output\" aria-hidden=\"true\"><\/div>\n<\/form>\n<\/div>\n\n<\/div>\n<div id=\"div_right_contact\" class=\"span_12 col clr\">\n<h2><strong>Informaci\u00f3n pr\u00e1ctica<\/strong><\/h2>\n<address><strong>Medicalex Francemed<\/strong><br \/>\n34 AV DU DOCTEUR DURAND &#8211; 94110 ARCUEIL France<br \/>\n<strong>T\u00e9l :<\/strong> 00 33 1 46 11 16 20<br \/>\n<strong>E-mail :<\/strong> <a title=\"Email Medicalex\" href=\"mailto:contact@medicalex.info\">Medicalex<\/a><\/address>\n<div id=\"plan-acces\">\n<h2><strong>Plan de acceso<\/strong><\/h2>\n<p>  <iframe loading=\"lazy\" src=\"https:\/\/www.google.com\/maps\/embed?pb=!1m18!1m12!1m3!1d2627.6615525734064!2d2.3287603159232653!3d48.807437779282445!2m3!1f0!2f0!3f0!3m2!1i1024!2i768!4f13.1!3m3!1m2!1s0x47e6710fbf5593df%3A0xa9205359b0e02207!2s34%20Avenue%20du%20Dr%20Durand%2C%2094110%20Arcueil!5e0!3m2!1sfr!2sfr!4v1572187277240!5m2!1sfr!2sfr\" width=\"425\" height=\"350\" frameborder=\"0\" style=\"border:0;\" allowfullscreen=\"\"><\/iframe><\/p>\n<\/div>\n<\/div>\n","protected":false},"excerpt":{"rendered":"<p>H\u00e1ganos saber sus necesidades y proyectos a trav\u00e9s de este formulario. Campos reportados con un * son obligatorios. Informaci\u00f3n pr\u00e1ctica Medicalex Francemed 34 AV DU DOCTEUR DURAND &#8211; 94110 ARCUEIL France T\u00e9l : 00 33 1 46 11 16 20 E-mail : Medicalex Plan de acceso<\/p>\n","protected":false},"author":1,"featured_media":0,"parent":0,"menu_order":0,"comment_status":"closed","ping_status":"closed","template":"templates\/template-fullwidth.php","meta":{"footnotes":""},"class_list":["post-1357","page","type-page","status-publish","hentry"],"yoast_head":"<!-- This site is optimized with the Yoast SEO plugin v26.1.1 - https:\/\/yoast.com\/wordpress\/plugins\/seo\/ -->\n<title>Contacto - Medicalex<\/title>\n<meta name=\"robots\" content=\"index, follow, max-snippet:-1, max-image-preview:large, max-video-preview:-1\" \/>\n<link rel=\"canonical\" href=\"https:\/\/medicalex.info\/es\/contact\" \/>\n<meta property=\"og:locale\" content=\"es_ES\" \/>\n<meta property=\"og:type\" content=\"article\" \/>\n<meta property=\"og:title\" content=\"Contacto - Medicalex\" \/>\n<meta property=\"og:description\" content=\"H\u00e1ganos saber sus necesidades y proyectos a trav\u00e9s de este formulario. Campos reportados con un * son obligatorios. Informaci\u00f3n pr\u00e1ctica Medicalex Francemed 34 AV DU DOCTEUR DURAND &#8211; 94110 ARCUEIL France T\u00e9l : 00 33 1 46 11 16 20 E-mail : Medicalex Plan de acceso\" \/>\n<meta property=\"og:url\" content=\"https:\/\/medicalex.info\/es\/contact\" \/>\n<meta property=\"og:site_name\" content=\"Medicalex\" \/>\n<meta property=\"article:modified_time\" content=\"2021-04-14T21:36:39+00:00\" \/>\n<script type=\"application\/ld+json\" class=\"yoast-schema-graph\">{\"@context\":\"https:\/\/schema.org\",\"@graph\":[{\"@type\":\"WebPage\",\"@id\":\"https:\/\/medicalex.info\/es\/contact\",\"url\":\"https:\/\/medicalex.info\/es\/contact\",\"name\":\"Contacto - Medicalex\",\"isPartOf\":{\"@id\":\"https:\/\/medicalex.info\/en\/#website\"},\"datePublished\":\"2015-01-10T12:37:21+00:00\",\"dateModified\":\"2021-04-14T21:36:39+00:00\",\"breadcrumb\":{\"@id\":\"https:\/\/medicalex.info\/es\/contact#breadcrumb\"},\"inLanguage\":\"es\",\"potentialAction\":[{\"@type\":\"ReadAction\",\"target\":[\"https:\/\/medicalex.info\/es\/contact\"]}]},{\"@type\":\"BreadcrumbList\",\"@id\":\"https:\/\/medicalex.info\/es\/contact#breadcrumb\",\"itemListElement\":[{\"@type\":\"ListItem\",\"position\":1,\"name\":\"Accueil\",\"item\":\"https:\/\/medicalex.info\/es\"},{\"@type\":\"ListItem\",\"position\":2,\"name\":\"Contacto\"}]},{\"@type\":\"WebSite\",\"@id\":\"https:\/\/medicalex.info\/en\/#website\",\"url\":\"https:\/\/medicalex.info\/en\/\",\"name\":\"Medicalex\",\"description\":\"Un site utilisant WordPress\",\"publisher\":{\"@id\":\"https:\/\/medicalex.info\/en\/#organization\"},\"potentialAction\":[{\"@type\":\"SearchAction\",\"target\":{\"@type\":\"EntryPoint\",\"urlTemplate\":\"https:\/\/medicalex.info\/en\/?s={search_term_string}\"},\"query-input\":{\"@type\":\"PropertyValueSpecification\",\"valueRequired\":true,\"valueName\":\"search_term_string\"}}],\"inLanguage\":\"es\"},{\"@type\":\"Organization\",\"@id\":\"https:\/\/medicalex.info\/en\/#organization\",\"name\":\"medicalex\",\"url\":\"https:\/\/medicalex.info\/en\/\",\"logo\":{\"@type\":\"ImageObject\",\"inLanguage\":\"es\",\"@id\":\"https:\/\/medicalex.info\/en\/#\/schema\/logo\/image\/\",\"url\":\"https:\/\/medicalex.info\/wp-content\/uploads\/logo-medicalex.jpg\",\"contentUrl\":\"https:\/\/medicalex.info\/wp-content\/uploads\/logo-medicalex.jpg\",\"width\":1102,\"height\":724,\"caption\":\"medicalex\"},\"image\":{\"@id\":\"https:\/\/medicalex.info\/en\/#\/schema\/logo\/image\/\"},\"sameAs\":[\"https:\/\/www.instagram.com\/medicalex_francemed\/?hl=fr\",\"https:\/\/www.linkedin.com\/company\/francemed\",\"https:\/\/www.youtube.com\/channel\/UCH6YKFJAq9dng7uataz8y-Q\"]}]}<\/script>\n<!-- \/ Yoast SEO plugin. -->","yoast_head_json":{"title":"Contacto - Medicalex","robots":{"index":"index","follow":"follow","max-snippet":"max-snippet:-1","max-image-preview":"max-image-preview:large","max-video-preview":"max-video-preview:-1"},"canonical":"https:\/\/medicalex.info\/es\/contact","og_locale":"es_ES","og_type":"article","og_title":"Contacto - Medicalex","og_description":"H\u00e1ganos saber sus necesidades y proyectos a trav\u00e9s de este formulario. Campos reportados con un * son obligatorios. Informaci\u00f3n pr\u00e1ctica Medicalex Francemed 34 AV DU DOCTEUR DURAND &#8211; 94110 ARCUEIL France T\u00e9l : 00 33 1 46 11 16 20 E-mail : Medicalex Plan de acceso","og_url":"https:\/\/medicalex.info\/es\/contact","og_site_name":"Medicalex","article_modified_time":"2021-04-14T21:36:39+00:00","schema":{"@context":"https:\/\/schema.org","@graph":[{"@type":"WebPage","@id":"https:\/\/medicalex.info\/es\/contact","url":"https:\/\/medicalex.info\/es\/contact","name":"Contacto - Medicalex","isPartOf":{"@id":"https:\/\/medicalex.info\/en\/#website"},"datePublished":"2015-01-10T12:37:21+00:00","dateModified":"2021-04-14T21:36:39+00:00","breadcrumb":{"@id":"https:\/\/medicalex.info\/es\/contact#breadcrumb"},"inLanguage":"es","potentialAction":[{"@type":"ReadAction","target":["https:\/\/medicalex.info\/es\/contact"]}]},{"@type":"BreadcrumbList","@id":"https:\/\/medicalex.info\/es\/contact#breadcrumb","itemListElement":[{"@type":"ListItem","position":1,"name":"Accueil","item":"https:\/\/medicalex.info\/es"},{"@type":"ListItem","position":2,"name":"Contacto"}]},{"@type":"WebSite","@id":"https:\/\/medicalex.info\/en\/#website","url":"https:\/\/medicalex.info\/en\/","name":"Medicalex","description":"Un site utilisant WordPress","publisher":{"@id":"https:\/\/medicalex.info\/en\/#organization"},"potentialAction":[{"@type":"SearchAction","target":{"@type":"EntryPoint","urlTemplate":"https:\/\/medicalex.info\/en\/?s={search_term_string}"},"query-input":{"@type":"PropertyValueSpecification","valueRequired":true,"valueName":"search_term_string"}}],"inLanguage":"es"},{"@type":"Organization","@id":"https:\/\/medicalex.info\/en\/#organization","name":"medicalex","url":"https:\/\/medicalex.info\/en\/","logo":{"@type":"ImageObject","inLanguage":"es","@id":"https:\/\/medicalex.info\/en\/#\/schema\/logo\/image\/","url":"https:\/\/medicalex.info\/wp-content\/uploads\/logo-medicalex.jpg","contentUrl":"https:\/\/medicalex.info\/wp-content\/uploads\/logo-medicalex.jpg","width":1102,"height":724,"caption":"medicalex"},"image":{"@id":"https:\/\/medicalex.info\/en\/#\/schema\/logo\/image\/"},"sameAs":["https:\/\/www.instagram.com\/medicalex_francemed\/?hl=fr","https:\/\/www.linkedin.com\/company\/francemed","https:\/\/www.youtube.com\/channel\/UCH6YKFJAq9dng7uataz8y-Q"]}]}},"_links":{"self":[{"href":"https:\/\/medicalex.info\/es\/wp-json\/wp\/v2\/pages\/1357","targetHints":{"allow":["GET"]}}],"collection":[{"href":"https:\/\/medicalex.info\/es\/wp-json\/wp\/v2\/pages"}],"about":[{"href":"https:\/\/medicalex.info\/es\/wp-json\/wp\/v2\/types\/page"}],"author":[{"embeddable":true,"href":"https:\/\/medicalex.info\/es\/wp-json\/wp\/v2\/users\/1"}],"replies":[{"embeddable":true,"href":"https:\/\/medicalex.info\/es\/wp-json\/wp\/v2\/comments?post=1357"}],"version-history":[{"count":8,"href":"https:\/\/medicalex.info\/es\/wp-json\/wp\/v2\/pages\/1357\/revisions"}],"predecessor-version":[{"id":4769,"href":"https:\/\/medicalex.info\/es\/wp-json\/wp\/v2\/pages\/1357\/revisions\/4769"}],"wp:attachment":[{"href":"https:\/\/medicalex.info\/es\/wp-json\/wp\/v2\/media?parent=1357"}],"curies":[{"name":"wp","href":"https:\/\/api.w.org\/{rel}","templated":true}]}}