{"id":5471,"date":"2023-01-21T01:41:19","date_gmt":"2023-01-21T00:41:19","guid":{"rendered":"https:\/\/medicalex.info\/?page_id=5471"},"modified":"2023-07-17T11:10:36","modified_gmt":"2023-07-17T10:10:36","slug":"verpflichtung-des-unternehmensleiters","status":"publish","type":"page","link":"https:\/\/medicalex.info\/de\/verpflichtung-des-unternehmensleiters","title":{"rendered":"Verpflichtung des Unternehmensleiters"},"content":{"rendered":"<p>Der industrielle Wettbewerb, mit dem wir konfrontiert sind, zwingt uns, uns st\u00e4ndig weiterzuentwickeln. Wettbewerbsf\u00e4higkeit ist eine Anforderung und die Zufriedenheit unserer Kunden in jeder Hinsicht eine Notwendigkeit.<\/p>\n<p>Die Zukunft unseres Unternehmens h\u00e4ngt von den vier grundlegenden Faktoren Preis, Lieferzeit, Innovation und Qualit\u00e4t ab. Qualit\u00e4t ist der wesentliche Faktor, um unseren Ruf bei unseren Kunden nachhaltig zu behaupten und neue M\u00e4rkte zu erobern.<\/p>\n<p>Dar\u00fcber hinaus unterliegen europ\u00e4ische Hersteller von Medizinprodukten zahlreichen Vorschriften, die sie erf\u00fcllen m\u00fcssen, um von den zust\u00e4ndigen Beh\u00f6rden zur Herstellung und Vermarktung ihrer Produkte zugelassen zu werden.<br \/>\nAus diesen unterschiedlichen Gr\u00fcnden haben wir uns entschieden, ein Qualit\u00e4tssicherungsprogramm einzurichten, um die Bed\u00fcrfnisse der Kunden gem\u00e4\u00df den regulatorischen Anforderungen der Normen ISO 9001:2000 und ISO 13485:2016 zu erf\u00fcllen.<\/p>\n<p>Wir alle sehen die entscheidende Herausforderung, die die Implementierung eines solchen Systems f\u00fcr unser Unternehmen darstellt, aber dies ist nur durch ein gemeinsames Qualit\u00e4tsmanagement m\u00f6glich. Das Engagement aller f\u00fcr diesen Prozess ist die wesentliche Voraussetzung f\u00fcr unseren Erfolg. Deshalb legen wir besonderen Wert darauf, innerhalb unseres Unternehmens zu kommunizieren, wie wichtig es ist, Kundenanforderungen und regulatorische Anforderungen zu erf\u00fcllen.<\/p>\n<p>Das Qualit\u00e4tshandbuch formalisiert das Qualit\u00e4tssystem unseres Unternehmens sowie die Ma\u00dfnahmen, die ergriffen werden, um unseren Kunden die Qualit\u00e4t unserer Produkte und Dienstleistungen zu gew\u00e4hrleisten. Es ist ein Dokument, das st\u00e4ndig weiterentwickelt werden muss, um effektiv zu sein, und es liegt in der Verantwortung von uns allen, an seiner Verbesserung mitzuwirken.<\/p>\n<p>Innerhalb der Gesch\u00e4ftsf\u00fchrung hat Nicole Levy, Qualit\u00e4tsmanagerin, die wesentliche Aufgabe, das Qualit\u00e4tssystem durch die Festlegung klar definierter Qualit\u00e4tsziele zu definieren und aufrechtzuerhalten. Es stellt auch sicher, dass wir alle die ergriffenen Ma\u00dfnahmen verstehen und anwenden. Alle Ma\u00dfnahmen des Qualit\u00e4tsmanagers sind unserer Unterst\u00fctzung zugesichert.<\/p>\n<p>Unsere zuk\u00fcnftige Effektivit\u00e4t h\u00e4ngt von der Anstrengung ab, die wir alle unternehmen werden, um das Qualit\u00e4tssystem unseres Unternehmens zu entwickeln, zu respektieren und vor allem zu verbessern. Um sicherzustellen, dass diese Richtlinie von allen verstanden, effektiv umgesetzt und auf allen Ebenen unseres Unternehmens aufrechterhalten wird, f\u00fchren wir regelm\u00e4\u00dfig Managementbewertungen und interne Audits durch.<\/p>\n<p>Wir verpflichten uns, die f\u00fcr die Umsetzung der vom Qualit\u00e4tsmanager erlassenen Bestimmungen erforderlichen Mittel bereitzustellen.<\/p>\n<ul class=\"sign1 sign2\">\n<li><strong>Die Verwaltungs- und Handelsabteilung<\/strong><\/li>\n<li>Fabienne Levy<\/li>\n<\/ul>\n<ul class=\"sign1\">\n<li><strong>Die technische Abteilung<\/strong><\/li>\n<li>Nicole Levy<\/li>\n<\/ul>\n","protected":false},"excerpt":{"rendered":"<p>Der industrielle Wettbewerb, mit dem wir konfrontiert sind, zwingt uns, uns st\u00e4ndig weiterzuentwickeln. Wettbewerbsf\u00e4higkeit ist eine Anforderung und die Zufriedenheit unserer Kunden in jeder Hinsicht eine Notwendigkeit. Die Zukunft unseres Unternehmens h\u00e4ngt von den vier grundlegenden Faktoren Preis, Lieferzeit, Innovation und Qualit\u00e4t ab. Qualit\u00e4t ist der wesentliche Faktor, um unseren Ruf bei unseren Kunden nachhaltig [&hellip;]<\/p>\n","protected":false},"author":1,"featured_media":0,"parent":0,"menu_order":0,"comment_status":"closed","ping_status":"open","template":"templates\/template-fullwidth.php","meta":{"footnotes":""},"class_list":["post-5471","page","type-page","status-publish","hentry"],"yoast_head":"<!-- This site is optimized with the Yoast SEO plugin v26.1.1 - https:\/\/yoast.com\/wordpress\/plugins\/seo\/ -->\n<title>Verpflichtung des Unternehmensleiters - Medicalex<\/title>\n<meta name=\"robots\" content=\"index, follow, max-snippet:-1, max-image-preview:large, max-video-preview:-1\" \/>\n<link rel=\"canonical\" href=\"https:\/\/medicalex.info\/de\/verpflichtung-des-unternehmensleiters\" \/>\n<meta property=\"og:locale\" content=\"de_DE\" \/>\n<meta property=\"og:type\" content=\"article\" \/>\n<meta property=\"og:title\" content=\"Verpflichtung des Unternehmensleiters - Medicalex\" \/>\n<meta property=\"og:description\" content=\"Der industrielle Wettbewerb, mit dem wir konfrontiert sind, zwingt uns, uns st\u00e4ndig weiterzuentwickeln. Wettbewerbsf\u00e4higkeit ist eine Anforderung und die Zufriedenheit unserer Kunden in jeder Hinsicht eine Notwendigkeit. Die Zukunft unseres Unternehmens h\u00e4ngt von den vier grundlegenden Faktoren Preis, Lieferzeit, Innovation und Qualit\u00e4t ab. Qualit\u00e4t ist der wesentliche Faktor, um unseren Ruf bei unseren Kunden nachhaltig [&hellip;]\" \/>\n<meta property=\"og:url\" content=\"https:\/\/medicalex.info\/de\/verpflichtung-des-unternehmensleiters\" \/>\n<meta property=\"og:site_name\" content=\"Medicalex\" \/>\n<meta property=\"article:modified_time\" content=\"2023-07-17T10:10:36+00:00\" \/>\n<meta name=\"twitter:label1\" content=\"Gesch\u00e4tzte Lesezeit\" \/>\n\t<meta name=\"twitter:data1\" content=\"2\u00a0Minuten\" \/>\n<script type=\"application\/ld+json\" class=\"yoast-schema-graph\">{\"@context\":\"https:\/\/schema.org\",\"@graph\":[{\"@type\":\"WebPage\",\"@id\":\"https:\/\/medicalex.info\/de\/verpflichtung-des-unternehmensleiters\",\"url\":\"https:\/\/medicalex.info\/de\/verpflichtung-des-unternehmensleiters\",\"name\":\"Verpflichtung des Unternehmensleiters - Medicalex\",\"isPartOf\":{\"@id\":\"https:\/\/medicalex.info\/en\/#website\"},\"datePublished\":\"2023-01-21T00:41:19+00:00\",\"dateModified\":\"2023-07-17T10:10:36+00:00\",\"breadcrumb\":{\"@id\":\"https:\/\/medicalex.info\/de\/verpflichtung-des-unternehmensleiters#breadcrumb\"},\"inLanguage\":\"de\",\"potentialAction\":[{\"@type\":\"ReadAction\",\"target\":[\"https:\/\/medicalex.info\/de\/verpflichtung-des-unternehmensleiters\"]}]},{\"@type\":\"BreadcrumbList\",\"@id\":\"https:\/\/medicalex.info\/de\/verpflichtung-des-unternehmensleiters#breadcrumb\",\"itemListElement\":[{\"@type\":\"ListItem\",\"position\":1,\"name\":\"Accueil\",\"item\":\"https:\/\/medicalex.info\/de\"},{\"@type\":\"ListItem\",\"position\":2,\"name\":\"Verpflichtung des Unternehmensleiters\"}]},{\"@type\":\"WebSite\",\"@id\":\"https:\/\/medicalex.info\/en\/#website\",\"url\":\"https:\/\/medicalex.info\/en\/\",\"name\":\"Medicalex\",\"description\":\"Un site utilisant WordPress\",\"publisher\":{\"@id\":\"https:\/\/medicalex.info\/en\/#organization\"},\"potentialAction\":[{\"@type\":\"SearchAction\",\"target\":{\"@type\":\"EntryPoint\",\"urlTemplate\":\"https:\/\/medicalex.info\/en\/?s={search_term_string}\"},\"query-input\":{\"@type\":\"PropertyValueSpecification\",\"valueRequired\":true,\"valueName\":\"search_term_string\"}}],\"inLanguage\":\"de\"},{\"@type\":\"Organization\",\"@id\":\"https:\/\/medicalex.info\/en\/#organization\",\"name\":\"medicalex\",\"url\":\"https:\/\/medicalex.info\/en\/\",\"logo\":{\"@type\":\"ImageObject\",\"inLanguage\":\"de\",\"@id\":\"https:\/\/medicalex.info\/en\/#\/schema\/logo\/image\/\",\"url\":\"https:\/\/medicalex.info\/wp-content\/uploads\/logo-medicalex.jpg\",\"contentUrl\":\"https:\/\/medicalex.info\/wp-content\/uploads\/logo-medicalex.jpg\",\"width\":1102,\"height\":724,\"caption\":\"medicalex\"},\"image\":{\"@id\":\"https:\/\/medicalex.info\/en\/#\/schema\/logo\/image\/\"},\"sameAs\":[\"https:\/\/www.instagram.com\/medicalex_francemed\/?hl=fr\",\"https:\/\/www.linkedin.com\/company\/francemed\",\"https:\/\/www.youtube.com\/channel\/UCH6YKFJAq9dng7uataz8y-Q\"]}]}<\/script>\n<!-- \/ Yoast SEO plugin. -->","yoast_head_json":{"title":"Verpflichtung des Unternehmensleiters - Medicalex","robots":{"index":"index","follow":"follow","max-snippet":"max-snippet:-1","max-image-preview":"max-image-preview:large","max-video-preview":"max-video-preview:-1"},"canonical":"https:\/\/medicalex.info\/de\/verpflichtung-des-unternehmensleiters","og_locale":"de_DE","og_type":"article","og_title":"Verpflichtung des Unternehmensleiters - Medicalex","og_description":"Der industrielle Wettbewerb, mit dem wir konfrontiert sind, zwingt uns, uns st\u00e4ndig weiterzuentwickeln. Wettbewerbsf\u00e4higkeit ist eine Anforderung und die Zufriedenheit unserer Kunden in jeder Hinsicht eine Notwendigkeit. Die Zukunft unseres Unternehmens h\u00e4ngt von den vier grundlegenden Faktoren Preis, Lieferzeit, Innovation und Qualit\u00e4t ab. Qualit\u00e4t ist der wesentliche Faktor, um unseren Ruf bei unseren Kunden nachhaltig [&hellip;]","og_url":"https:\/\/medicalex.info\/de\/verpflichtung-des-unternehmensleiters","og_site_name":"Medicalex","article_modified_time":"2023-07-17T10:10:36+00:00","twitter_misc":{"Gesch\u00e4tzte Lesezeit":"2\u00a0Minuten"},"schema":{"@context":"https:\/\/schema.org","@graph":[{"@type":"WebPage","@id":"https:\/\/medicalex.info\/de\/verpflichtung-des-unternehmensleiters","url":"https:\/\/medicalex.info\/de\/verpflichtung-des-unternehmensleiters","name":"Verpflichtung des Unternehmensleiters - Medicalex","isPartOf":{"@id":"https:\/\/medicalex.info\/en\/#website"},"datePublished":"2023-01-21T00:41:19+00:00","dateModified":"2023-07-17T10:10:36+00:00","breadcrumb":{"@id":"https:\/\/medicalex.info\/de\/verpflichtung-des-unternehmensleiters#breadcrumb"},"inLanguage":"de","potentialAction":[{"@type":"ReadAction","target":["https:\/\/medicalex.info\/de\/verpflichtung-des-unternehmensleiters"]}]},{"@type":"BreadcrumbList","@id":"https:\/\/medicalex.info\/de\/verpflichtung-des-unternehmensleiters#breadcrumb","itemListElement":[{"@type":"ListItem","position":1,"name":"Accueil","item":"https:\/\/medicalex.info\/de"},{"@type":"ListItem","position":2,"name":"Verpflichtung des Unternehmensleiters"}]},{"@type":"WebSite","@id":"https:\/\/medicalex.info\/en\/#website","url":"https:\/\/medicalex.info\/en\/","name":"Medicalex","description":"Un site utilisant WordPress","publisher":{"@id":"https:\/\/medicalex.info\/en\/#organization"},"potentialAction":[{"@type":"SearchAction","target":{"@type":"EntryPoint","urlTemplate":"https:\/\/medicalex.info\/en\/?s={search_term_string}"},"query-input":{"@type":"PropertyValueSpecification","valueRequired":true,"valueName":"search_term_string"}}],"inLanguage":"de"},{"@type":"Organization","@id":"https:\/\/medicalex.info\/en\/#organization","name":"medicalex","url":"https:\/\/medicalex.info\/en\/","logo":{"@type":"ImageObject","inLanguage":"de","@id":"https:\/\/medicalex.info\/en\/#\/schema\/logo\/image\/","url":"https:\/\/medicalex.info\/wp-content\/uploads\/logo-medicalex.jpg","contentUrl":"https:\/\/medicalex.info\/wp-content\/uploads\/logo-medicalex.jpg","width":1102,"height":724,"caption":"medicalex"},"image":{"@id":"https:\/\/medicalex.info\/en\/#\/schema\/logo\/image\/"},"sameAs":["https:\/\/www.instagram.com\/medicalex_francemed\/?hl=fr","https:\/\/www.linkedin.com\/company\/francemed","https:\/\/www.youtube.com\/channel\/UCH6YKFJAq9dng7uataz8y-Q"]}]}},"_links":{"self":[{"href":"https:\/\/medicalex.info\/de\/wp-json\/wp\/v2\/pages\/5471","targetHints":{"allow":["GET"]}}],"collection":[{"href":"https:\/\/medicalex.info\/de\/wp-json\/wp\/v2\/pages"}],"about":[{"href":"https:\/\/medicalex.info\/de\/wp-json\/wp\/v2\/types\/page"}],"author":[{"embeddable":true,"href":"https:\/\/medicalex.info\/de\/wp-json\/wp\/v2\/users\/1"}],"replies":[{"embeddable":true,"href":"https:\/\/medicalex.info\/de\/wp-json\/wp\/v2\/comments?post=5471"}],"version-history":[{"count":2,"href":"https:\/\/medicalex.info\/de\/wp-json\/wp\/v2\/pages\/5471\/revisions"}],"predecessor-version":[{"id":5642,"href":"https:\/\/medicalex.info\/de\/wp-json\/wp\/v2\/pages\/5471\/revisions\/5642"}],"wp:attachment":[{"href":"https:\/\/medicalex.info\/de\/wp-json\/wp\/v2\/media?parent=5471"}],"curies":[{"name":"wp","href":"https:\/\/api.w.org\/{rel}","templated":true}]}}