{"id":5462,"date":"2023-01-21T01:27:38","date_gmt":"2023-01-21T00:27:38","guid":{"rendered":"https:\/\/medicalex.info\/?page_id=5462"},"modified":"2026-02-16T11:16:02","modified_gmt":"2026-02-16T10:16:02","slug":"startseite","status":"publish","type":"page","link":"https:\/\/medicalex.info\/de","title":{"rendered":"Startseite"},"content":{"rendered":"<p><a href=\"https:\/\/medicalex.info\/inscription-au-webinaire-perfecto\"><img decoding=\"async\" style=\"width: 100%;\" src=\"https:\/\/medicalex.info\/wp-content\/uploads\/\/Webinaire-Clou-Safe-1024x1024.png\" alt=\"\" \/><\/a><\/p>\n<p style=\"text-align: center;\"><a href=\"https:\/\/medicalex.info\/inscription-au-webinaire-perfecto\">Register for the Perfecto webinar<\/a><\/p>\n<header class=\"page-header\">\n<h1 class=\"page-header-title\">PR\u00c4SENTATION DER UNTERNEHMEN MEDICALEX UND FRANCEMED<\/h1>\n<\/header>\n<p>Unsere 1967 gegr\u00fcndeten Unternehmen sind franz\u00f6sische Familienunternehmen. Sie wurden erstellt von<br \/>\nHerr Aldo Levy und Frau C\u00e9cile Levy.<\/p>\n<p>Wir sind spezialisiert auf Design, Herstellung und Verkauf von orthop\u00e4dischen Implantaten sowie verschiedenen chirurgischen Materialien. Um den Bed\u00fcrfnissen unserer Kunden besser gerecht zu werden, pr\u00fcfen wir alle Anfragen nach bestimmten Produkten.<\/p>\n<p>Unser 1987 gegr\u00fcndetes Forschungs- und Entwicklungslabor sowie unsere Produktionseinheit erm\u00f6glichen es uns, alle Ma\u00dfanfertigungen auszuf\u00fchren und neue Produkte zu entwickeln. Diese Struktur erm\u00f6glicht uns die Zusammenarbeit mit den orthop\u00e4disch-chirurgischen Abteilungen von Krankenh\u00e4usern und Kliniken.<\/p>\n<h2 class=\"titre-fl\" style=\"margin-bottom: 16px;\">Information<\/h2>\n<p>Wir haben derzeit Probleme mit unseren Telefonleitungen.<br \/>\nSie erreichen uns unter folgenden Nummern:<br \/>\n+ 33 6 63 64 36 83<br \/>\n+ 33 6 63 02 88 80<\/p>\n<p>Andererseits haben wir keine M\u00f6glichkeit mehr Faxe zu empfangen.<\/p>\n<p>Sie k\u00f6nnen Ihre Bestellungen senden an: <a href=\"mailto:magasin@medicalex.info\">magasin@medicalex.info<\/a><\/p>\n<p>Danke f\u00fcr Ihr Verst\u00e4ndnis<\/p>\n<p>Ihre Kataloge sind m\u00f6glicherweise veraltete Versionen.<br \/>\nBitte laden Sie die neuesten Versionen herunter.<\/p>\n<h2 class=\"titre-fl\">Nachricht<\/h2>\n<div style=\"margin-top: 10px;\">N\u00e4chster Kongress:<\/div>\n<ul class=\"ul-news\" style=\"margin-top: 10px;\">\n<li>\n<h3>SOFCOT \u2013 PALAIS DES CONGRES &#8211; PARIS<\/h3>\n<p><strong>Stand N06<\/strong><br \/>\n<a href=\"http:\/\/www.sofcot.fr\/\" target=\"_blank\" rel=\"noopener\">http:\/\/www.sofcot.fr\/<\/a><\/li>\n<li>Medicalex ist jetzt in sozialen Netzwerken aktiv. Besuchen Sie uns auf <a href=\"https:\/\/www.linkedin.com\/company\/medicalex-francemed\/\">Linkedin <\/a>und Instagram!\n<div style=\"margin-top: 10px;\">\n<a href=\"https:\/\/www.linkedin.com\/company\/medicalex-francemed\/\"><img loading=\"lazy\" decoding=\"async\" src=\"https:\/\/medicalex.info\/wp-content\/uploads\/LI-Logo.png\" alt=\"\" width=\"100\" height=\"135\" class=\"wp-image-7598\" \/><\/a>\n<\/div>\n<\/li>\n<\/ul>\n","protected":false},"excerpt":{"rendered":"<p>Register for the Perfecto webinar PR\u00c4SENTATION DER UNTERNEHMEN MEDICALEX UND FRANCEMED Unsere 1967 gegr\u00fcndeten Unternehmen sind franz\u00f6sische Familienunternehmen. Sie wurden erstellt von Herr Aldo Levy und Frau C\u00e9cile Levy. Wir sind spezialisiert auf Design, Herstellung und Verkauf von orthop\u00e4dischen Implantaten sowie verschiedenen chirurgischen Materialien. Um den Bed\u00fcrfnissen unserer Kunden besser gerecht zu werden, pr\u00fcfen wir [&hellip;]<\/p>\n","protected":false},"author":1,"featured_media":0,"parent":0,"menu_order":0,"comment_status":"closed","ping_status":"closed","template":"templates\/template-home.php","meta":{"footnotes":""},"class_list":["post-5462","page","type-page","status-publish","hentry"],"yoast_head":"<!-- This site is optimized with the Yoast SEO plugin v26.1.1 - https:\/\/yoast.com\/wordpress\/plugins\/seo\/ -->\n<title>Startseite - Medicalex<\/title>\n<meta name=\"robots\" content=\"index, follow, max-snippet:-1, max-image-preview:large, max-video-preview:-1\" \/>\n<link rel=\"canonical\" href=\"https:\/\/medicalex.info\/de\" \/>\n<meta property=\"og:locale\" content=\"de_DE\" \/>\n<meta property=\"og:type\" content=\"article\" \/>\n<meta property=\"og:title\" content=\"Startseite - Medicalex\" \/>\n<meta property=\"og:description\" content=\"Register for the Perfecto webinar PR\u00c4SENTATION DER UNTERNEHMEN MEDICALEX UND FRANCEMED Unsere 1967 gegr\u00fcndeten Unternehmen sind franz\u00f6sische Familienunternehmen. Sie wurden erstellt von Herr Aldo Levy und Frau C\u00e9cile Levy. Wir sind spezialisiert auf Design, Herstellung und Verkauf von orthop\u00e4dischen Implantaten sowie verschiedenen chirurgischen Materialien. Um den Bed\u00fcrfnissen unserer Kunden besser gerecht zu werden, pr\u00fcfen wir [&hellip;]\" \/>\n<meta property=\"og:url\" content=\"https:\/\/medicalex.info\/de\" \/>\n<meta property=\"og:site_name\" content=\"Medicalex\" \/>\n<meta property=\"article:modified_time\" content=\"2026-02-16T10:16:02+00:00\" \/>\n<meta property=\"og:image\" content=\"https:\/\/medicalex.info\/wp-content\/uploads\/\/Webinaire-Clou-Safe-1024x1024.png\" \/>\n<meta name=\"twitter:label1\" content=\"Gesch\u00e4tzte Lesezeit\" \/>\n\t<meta name=\"twitter:data1\" content=\"2\u00a0Minuten\" \/>\n<script type=\"application\/ld+json\" class=\"yoast-schema-graph\">{\"@context\":\"https:\/\/schema.org\",\"@graph\":[{\"@type\":\"WebPage\",\"@id\":\"https:\/\/medicalex.info\/de\",\"url\":\"https:\/\/medicalex.info\/de\",\"name\":\"Startseite - Medicalex\",\"isPartOf\":{\"@id\":\"https:\/\/medicalex.info\/en\/#website\"},\"primaryImageOfPage\":{\"@id\":\"https:\/\/medicalex.info\/de#primaryimage\"},\"image\":{\"@id\":\"https:\/\/medicalex.info\/de#primaryimage\"},\"thumbnailUrl\":\"https:\/\/medicalex.info\/wp-content\/uploads\/\/Webinaire-Clou-Safe-1024x1024.png\",\"datePublished\":\"2023-01-21T00:27:38+00:00\",\"dateModified\":\"2026-02-16T10:16:02+00:00\",\"breadcrumb\":{\"@id\":\"https:\/\/medicalex.info\/de#breadcrumb\"},\"inLanguage\":\"de\",\"potentialAction\":[{\"@type\":\"ReadAction\",\"target\":[\"https:\/\/medicalex.info\/de\"]}]},{\"@type\":\"ImageObject\",\"inLanguage\":\"de\",\"@id\":\"https:\/\/medicalex.info\/de#primaryimage\",\"url\":\"https:\/\/medicalex.info\/wp-content\/uploads\/\/Webinaire-Clou-Safe-1024x1024.png\",\"contentUrl\":\"https:\/\/medicalex.info\/wp-content\/uploads\/\/Webinaire-Clou-Safe-1024x1024.png\"},{\"@type\":\"BreadcrumbList\",\"@id\":\"https:\/\/medicalex.info\/de#breadcrumb\",\"itemListElement\":[{\"@type\":\"ListItem\",\"position\":1,\"name\":\"Accueil\",\"item\":\"https:\/\/medicalex.info\/de\"},{\"@type\":\"ListItem\",\"position\":2,\"name\":\"Startseite\"}]},{\"@type\":\"WebSite\",\"@id\":\"https:\/\/medicalex.info\/en\/#website\",\"url\":\"https:\/\/medicalex.info\/en\/\",\"name\":\"Medicalex\",\"description\":\"Un site utilisant WordPress\",\"publisher\":{\"@id\":\"https:\/\/medicalex.info\/en\/#organization\"},\"potentialAction\":[{\"@type\":\"SearchAction\",\"target\":{\"@type\":\"EntryPoint\",\"urlTemplate\":\"https:\/\/medicalex.info\/en\/?s={search_term_string}\"},\"query-input\":{\"@type\":\"PropertyValueSpecification\",\"valueRequired\":true,\"valueName\":\"search_term_string\"}}],\"inLanguage\":\"de\"},{\"@type\":\"Organization\",\"@id\":\"https:\/\/medicalex.info\/en\/#organization\",\"name\":\"medicalex\",\"url\":\"https:\/\/medicalex.info\/en\/\",\"logo\":{\"@type\":\"ImageObject\",\"inLanguage\":\"de\",\"@id\":\"https:\/\/medicalex.info\/en\/#\/schema\/logo\/image\/\",\"url\":\"https:\/\/medicalex.info\/wp-content\/uploads\/logo-medicalex.jpg\",\"contentUrl\":\"https:\/\/medicalex.info\/wp-content\/uploads\/logo-medicalex.jpg\",\"width\":1102,\"height\":724,\"caption\":\"medicalex\"},\"image\":{\"@id\":\"https:\/\/medicalex.info\/en\/#\/schema\/logo\/image\/\"},\"sameAs\":[\"https:\/\/www.instagram.com\/medicalex_francemed\/?hl=fr\",\"https:\/\/www.linkedin.com\/company\/francemed\",\"https:\/\/www.youtube.com\/channel\/UCH6YKFJAq9dng7uataz8y-Q\"]}]}<\/script>\n<!-- \/ Yoast SEO plugin. -->","yoast_head_json":{"title":"Startseite - Medicalex","robots":{"index":"index","follow":"follow","max-snippet":"max-snippet:-1","max-image-preview":"max-image-preview:large","max-video-preview":"max-video-preview:-1"},"canonical":"https:\/\/medicalex.info\/de","og_locale":"de_DE","og_type":"article","og_title":"Startseite - Medicalex","og_description":"Register for the Perfecto webinar PR\u00c4SENTATION DER UNTERNEHMEN MEDICALEX UND FRANCEMED Unsere 1967 gegr\u00fcndeten Unternehmen sind franz\u00f6sische Familienunternehmen. Sie wurden erstellt von Herr Aldo Levy und Frau C\u00e9cile Levy. Wir sind spezialisiert auf Design, Herstellung und Verkauf von orthop\u00e4dischen Implantaten sowie verschiedenen chirurgischen Materialien. Um den Bed\u00fcrfnissen unserer Kunden besser gerecht zu werden, pr\u00fcfen wir [&hellip;]","og_url":"https:\/\/medicalex.info\/de","og_site_name":"Medicalex","article_modified_time":"2026-02-16T10:16:02+00:00","og_image":[{"url":"https:\/\/medicalex.info\/wp-content\/uploads\/\/Webinaire-Clou-Safe-1024x1024.png","type":"","width":"","height":""}],"twitter_misc":{"Gesch\u00e4tzte Lesezeit":"2\u00a0Minuten"},"schema":{"@context":"https:\/\/schema.org","@graph":[{"@type":"WebPage","@id":"https:\/\/medicalex.info\/de","url":"https:\/\/medicalex.info\/de","name":"Startseite - Medicalex","isPartOf":{"@id":"https:\/\/medicalex.info\/en\/#website"},"primaryImageOfPage":{"@id":"https:\/\/medicalex.info\/de#primaryimage"},"image":{"@id":"https:\/\/medicalex.info\/de#primaryimage"},"thumbnailUrl":"https:\/\/medicalex.info\/wp-content\/uploads\/\/Webinaire-Clou-Safe-1024x1024.png","datePublished":"2023-01-21T00:27:38+00:00","dateModified":"2026-02-16T10:16:02+00:00","breadcrumb":{"@id":"https:\/\/medicalex.info\/de#breadcrumb"},"inLanguage":"de","potentialAction":[{"@type":"ReadAction","target":["https:\/\/medicalex.info\/de"]}]},{"@type":"ImageObject","inLanguage":"de","@id":"https:\/\/medicalex.info\/de#primaryimage","url":"https:\/\/medicalex.info\/wp-content\/uploads\/\/Webinaire-Clou-Safe-1024x1024.png","contentUrl":"https:\/\/medicalex.info\/wp-content\/uploads\/\/Webinaire-Clou-Safe-1024x1024.png"},{"@type":"BreadcrumbList","@id":"https:\/\/medicalex.info\/de#breadcrumb","itemListElement":[{"@type":"ListItem","position":1,"name":"Accueil","item":"https:\/\/medicalex.info\/de"},{"@type":"ListItem","position":2,"name":"Startseite"}]},{"@type":"WebSite","@id":"https:\/\/medicalex.info\/en\/#website","url":"https:\/\/medicalex.info\/en\/","name":"Medicalex","description":"Un site utilisant WordPress","publisher":{"@id":"https:\/\/medicalex.info\/en\/#organization"},"potentialAction":[{"@type":"SearchAction","target":{"@type":"EntryPoint","urlTemplate":"https:\/\/medicalex.info\/en\/?s={search_term_string}"},"query-input":{"@type":"PropertyValueSpecification","valueRequired":true,"valueName":"search_term_string"}}],"inLanguage":"de"},{"@type":"Organization","@id":"https:\/\/medicalex.info\/en\/#organization","name":"medicalex","url":"https:\/\/medicalex.info\/en\/","logo":{"@type":"ImageObject","inLanguage":"de","@id":"https:\/\/medicalex.info\/en\/#\/schema\/logo\/image\/","url":"https:\/\/medicalex.info\/wp-content\/uploads\/logo-medicalex.jpg","contentUrl":"https:\/\/medicalex.info\/wp-content\/uploads\/logo-medicalex.jpg","width":1102,"height":724,"caption":"medicalex"},"image":{"@id":"https:\/\/medicalex.info\/en\/#\/schema\/logo\/image\/"},"sameAs":["https:\/\/www.instagram.com\/medicalex_francemed\/?hl=fr","https:\/\/www.linkedin.com\/company\/francemed","https:\/\/www.youtube.com\/channel\/UCH6YKFJAq9dng7uataz8y-Q"]}]}},"_links":{"self":[{"href":"https:\/\/medicalex.info\/de\/wp-json\/wp\/v2\/pages\/5462","targetHints":{"allow":["GET"]}}],"collection":[{"href":"https:\/\/medicalex.info\/de\/wp-json\/wp\/v2\/pages"}],"about":[{"href":"https:\/\/medicalex.info\/de\/wp-json\/wp\/v2\/types\/page"}],"author":[{"embeddable":true,"href":"https:\/\/medicalex.info\/de\/wp-json\/wp\/v2\/users\/1"}],"replies":[{"embeddable":true,"href":"https:\/\/medicalex.info\/de\/wp-json\/wp\/v2\/comments?post=5462"}],"version-history":[{"count":11,"href":"https:\/\/medicalex.info\/de\/wp-json\/wp\/v2\/pages\/5462\/revisions"}],"predecessor-version":[{"id":7830,"href":"https:\/\/medicalex.info\/de\/wp-json\/wp\/v2\/pages\/5462\/revisions\/7830"}],"wp:attachment":[{"href":"https:\/\/medicalex.info\/de\/wp-json\/wp\/v2\/media?parent=5462"}],"curies":[{"name":"wp","href":"https:\/\/api.w.org\/{rel}","templated":true}]}}